{"id":11,"date":"2015-03-09T21:43:13","date_gmt":"2015-03-09T20:43:13","guid":{"rendered":"http:\/\/www.saarwhisky.de\/?page_id=11"},"modified":"2021-04-19T14:13:19","modified_gmt":"2021-04-19T12:13:19","slug":"impressum","status":"publish","type":"page","link":"https:\/\/www.saarwhisky.de\/?page_id=11","title":{"rendered":"Impressum"},"content":{"rendered":"<p>Angaben gem. \u00a7 5 TMG:<\/p>\n<p>SaarWhisky GmbH<br \/>\nBeethovenstra\u00dfe 13<br \/>\n66111 Saarbr\u00fccken<\/p>\n<p>E-Mail info@saarwhisky.de<br \/>\nTel 0681 4012 2623<br \/>\nFax 06431 217 161<\/p>\n<p>Gesch\u00e4ftsf\u00fchrer<br \/>\nMatthias Rosinski<br \/>\nRegisternummer 102390<br \/>\nRegistergericht Amtsgericht Saarbr\u00fccken<\/p>\n<p>USt-Id.-Nr: DE 299913264<\/p>\n<p>Verantwortlich f\u00fcr Redaktionelle Inhalte, sowie Ansprechpartner dieser Seite:<\/p>\n<p>Herr Matthias Rosinski<br \/>\nEmail: m.rosinski@saarwhisky.de<br \/>\n<div class=\"woocommerce woocommerce-gzd woocommerce-gzd-complaints-shortcode\">\n\t\t\t<h3>Alternative Streitbeilegung gem\u00e4\u00df Art. 14 Abs. 1 ODR-VO und \u00a7 36 VSBG:<\/h3>\n\t\nZur Teilnahme an einem Streitbeilegungsverfahren vor einer Verbraucherschlichtungsstelle sind wir nicht verpflichtet und nicht bereit.<\/div>\n","protected":false},"excerpt":{"rendered":"<p>Angaben gem. \u00a7 5 TMG: SaarWhisky GmbH Beethovenstra\u00dfe 13 66111 Saarbr\u00fccken E-Mail info@saarwhisky.de Tel 0681 4012 2623 Fax 06431 217 161 Gesch\u00e4ftsf\u00fchrer Matthias Rosinski Registernummer 102390 Registergericht Amtsgericht Saarbr\u00fccken USt-Id.-Nr: DE 299913264 Verantwortlich f\u00fcr Redaktionelle Inhalte, sowie Ansprechpartner dieser Seite: &hellip; <a href=\"https:\/\/www.saarwhisky.de\/?page_id=11\">Weiter<\/a><\/p>\n","protected":false},"author":1,"featured_media":0,"parent":0,"menu_order":0,"comment_status":"open","ping_status":"open","template":"page-feature.php","meta":{"footnotes":""},"class_list":["post-11","page","type-page","status-publish","hentry"],"_links":{"self":[{"href":"https:\/\/www.saarwhisky.de\/index.php?rest_route=\/wp\/v2\/pages\/11","targetHints":{"allow":["GET"]}}],"collection":[{"href":"https:\/\/www.saarwhisky.de\/index.php?rest_route=\/wp\/v2\/pages"}],"about":[{"href":"https:\/\/www.saarwhisky.de\/index.php?rest_route=\/wp\/v2\/types\/page"}],"author":[{"embeddable":true,"href":"https:\/\/www.saarwhisky.de\/index.php?rest_route=\/wp\/v2\/users\/1"}],"replies":[{"embeddable":true,"href":"https:\/\/www.saarwhisky.de\/index.php?rest_route=%2Fwp%2Fv2%2Fcomments&post=11"}],"version-history":[{"count":9,"href":"https:\/\/www.saarwhisky.de\/index.php?rest_route=\/wp\/v2\/pages\/11\/revisions"}],"predecessor-version":[{"id":2055,"href":"https:\/\/www.saarwhisky.de\/index.php?rest_route=\/wp\/v2\/pages\/11\/revisions\/2055"}],"wp:attachment":[{"href":"https:\/\/www.saarwhisky.de\/index.php?rest_route=%2Fwp%2Fv2%2Fmedia&parent=11"}],"curies":[{"name":"wp","href":"https:\/\/api.w.org\/{rel}","templated":true}]}}