{"id":1188,"date":"2018-05-25T08:23:15","date_gmt":"2018-05-25T06:23:15","guid":{"rendered":"https:\/\/www.saarwhisky.de\/?page_id=1188"},"modified":"2018-05-25T08:23:15","modified_gmt":"2018-05-25T06:23:15","slug":"newsletter","status":"publish","type":"page","link":"https:\/\/www.saarwhisky.de\/?page_id=1188","title":{"rendered":"Newsletter"},"content":{"rendered":"<p><!--START Scripts : this is the script part you can add to the header of your theme-->Bei der Anmeldung zum Bezug unseres Newsletters werden die von Ihnen angegebenen Daten ausschlie\u00dflich f\u00fcr diesen Zweck verwendet. Die Einwilligung zur Speicherung Ihrer pers\u00f6nlichen Daten und ihrer Nutzung f\u00fcr den Newsletterversand k\u00f6nnen Sie jederzeit widerrufen.<br \/>\nWeitere Informationen Finden Sie in unserer <a href=\"https:\/\/www.saarwhisky.de\/?page_id=1121\" target=\"_blank\" rel=\"noopener\">Datenschutzerkl\u00e4rung.<\/a><\/p>\n<div class=\"widget_wysija_cont html_wysija\">\n<form id=\"form-wysija-html5b07ab2879e1e-2\" class=\"widget_wysija html_wysija\" action=\"#wysija\" method=\"post\">\n<p class=\"wysija-paragraph\"><label>E-Mail <span class=\"wysija-required\">*<\/span><\/label><\/p>\n<p><input class=\"wysija-input validate[required,custom[email]]\" title=\"E-Mail\" name=\"wysija[user][email]\" type=\"text\" value=\"\" \/><\/p>\n<p><span class=\"abs-req\"><br \/>\n<input class=\"wysija-input validated[abs][email]\" name=\"wysija[user][abs][email]\" type=\"text\" value=\"\" \/><br \/>\n<\/span><\/p>\n<div class=\"g-recaptcha\" data-sitekey=\"6LeU4U4UAAAAAHFtmNFuNJM96ssXOyN23e9d2STZ\" data-size=\"compact\"><\/div>\n<p><input class=\"wysija-submit wysija-submit-field\" type=\"submit\" value=\"Anmelden!\" \/><\/p>\n<p><input name=\"form_id\" type=\"hidden\" value=\"2\" \/><br \/>\n<input name=\"action\" type=\"hidden\" value=\"save\" \/><br \/>\n<input name=\"controller\" type=\"hidden\" value=\"subscribers\" \/><br \/>\n<input name=\"wysija-page\" type=\"hidden\" value=\"1\" \/><\/p>\n<p><input name=\"wysija[user_list][list_ids]\" type=\"hidden\" value=\"3\" \/><\/p>\n<\/form>\n<\/div>\n","protected":false},"excerpt":{"rendered":"<p>Bei der Anmeldung zum Bezug unseres Newsletters werden die von Ihnen angegebenen Daten ausschlie\u00dflich f\u00fcr diesen Zweck verwendet. Die Einwilligung zur Speicherung Ihrer pers\u00f6nlichen Daten und ihrer Nutzung f\u00fcr den Newsletterversand k\u00f6nnen Sie jederzeit widerrufen. Weitere Informationen Finden Sie in &hellip; <a href=\"https:\/\/www.saarwhisky.de\/?page_id=1188\">Weiter<\/a><\/p>\n","protected":false},"author":1,"featured_media":0,"parent":0,"menu_order":0,"comment_status":"closed","ping_status":"closed","template":"","meta":{"footnotes":""},"class_list":["post-1188","page","type-page","status-publish","hentry"],"_links":{"self":[{"href":"https:\/\/www.saarwhisky.de\/index.php?rest_route=\/wp\/v2\/pages\/1188","targetHints":{"allow":["GET"]}}],"collection":[{"href":"https:\/\/www.saarwhisky.de\/index.php?rest_route=\/wp\/v2\/pages"}],"about":[{"href":"https:\/\/www.saarwhisky.de\/index.php?rest_route=\/wp\/v2\/types\/page"}],"author":[{"embeddable":true,"href":"https:\/\/www.saarwhisky.de\/index.php?rest_route=\/wp\/v2\/users\/1"}],"replies":[{"embeddable":true,"href":"https:\/\/www.saarwhisky.de\/index.php?rest_route=%2Fwp%2Fv2%2Fcomments&post=1188"}],"version-history":[{"count":3,"href":"https:\/\/www.saarwhisky.de\/index.php?rest_route=\/wp\/v2\/pages\/1188\/revisions"}],"predecessor-version":[{"id":1191,"href":"https:\/\/www.saarwhisky.de\/index.php?rest_route=\/wp\/v2\/pages\/1188\/revisions\/1191"}],"wp:attachment":[{"href":"https:\/\/www.saarwhisky.de\/index.php?rest_route=%2Fwp%2Fv2%2Fmedia&parent=1188"}],"curies":[{"name":"wp","href":"https:\/\/api.w.org\/{rel}","templated":true}]}}