{"id":1219,"date":"2018-07-03T08:37:25","date_gmt":"2018-07-03T06:37:25","guid":{"rendered":"https:\/\/www.saarwhisky.de\/?page_id=1219"},"modified":"2019-06-12T10:17:32","modified_gmt":"2019-06-12T08:17:32","slug":"moonshine-destillerie","status":"publish","type":"page","link":"https:\/\/www.saarwhisky.de\/?page_id=1219","title":{"rendered":"Moonshine Destillerie"},"content":{"rendered":"<p>\u2013Handgefertigte Premiumspirituosen aus Leidenschaft\u2013<\/p>\n<p>&nbsp;<\/p>\n<p>Neben preisgekr\u00f6nten Direktimporten stellen wir in unserer Craft-Destillerie in aufwendiger Handarbeit geschmackvolle Premiumspirituosen vielf\u00e4ltiger Art her.<\/p>\n<p>Durch liebevollde Handarbeit, aufwendige Mazerationsverfahren und eigens entwickelten Rezepturen erwachen unsere Premiumspirituosen zum Leben.<\/p>\n<p>Wie schon Pernod 1870 und viele schottische Whiskydestillerien nutzen wir f\u00fcr die Destillation unserer Craft-Spirituosen sog. \u201cPot Stills\u201d, die auf dem Prinzip der arabischen \u201dal-anbiq\u201d &#8211; Brennhelme aus dem 9ten Jahrhundert basieren.<\/p>\n<p>Bei diesem sehr schonenden Destillationsverfahren fangen kupferne Destillierhelme die aufsteigenden Alkohold\u00e4mpfe auf, welche anschlie\u00dfend abk\u00fchlen und kondensieren.<\/p>\n<p>In Destillationsvorrichtungen wie dieser wurde auch zu Zeiten der amerikanischen Prohibition im Verborgenen, nachts bei Mondschein die Alkoholversorgung aufrecht erhalten.<\/p>\n<p><a href=\"https:\/\/www.saarwhisky.de\/wp-content\/uploads\/2018\/07\/christoph_mit_destille.jpg\"><img loading=\"lazy\" decoding=\"async\" class=\"alignleft wp-image-1220\" src=\"https:\/\/www.saarwhisky.de\/wp-content\/uploads\/2018\/07\/christoph_mit_destille.jpg\" alt=\"\" width=\"1170\" height=\"658\" srcset=\"https:\/\/www.saarwhisky.de\/wp-content\/uploads\/2018\/07\/christoph_mit_destille.jpg 960w, https:\/\/www.saarwhisky.de\/wp-content\/uploads\/2018\/07\/christoph_mit_destille-600x338.jpg 600w, https:\/\/www.saarwhisky.de\/wp-content\/uploads\/2018\/07\/christoph_mit_destille-300x169.jpg 300w, https:\/\/www.saarwhisky.de\/wp-content\/uploads\/2018\/07\/christoph_mit_destille-768x432.jpg 768w\" sizes=\"auto, (max-width: 1170px) 100vw, 1170px\" \/><\/a><\/p>\n<p>&nbsp;<\/p>\n<p>Mittlerweile ist unsere Kleindestillerie zu einer gro\u00dfen Whiskydestillerie herangewachsen. Hierzu sind wir nach Limburg an der Lahn umgezogen, wo wir entsprechende R\u00e4umlichkeiten gefunden haben. Exilsaarl\u00e4nder und Gr\u00fcndungsmitglied Christoph wohnt in Limburg. Jeden Tag blickte er von seinem Balkon auf das imposante Geb\u00e4ude der alten Kaffeer\u00f6sterei \u2013 einem historischen Geb\u00e4ude, das seit Jahren leer stand. Nach einigen Gespr\u00e4chen mit dem freundlichen Besitzer, der sehr kooperativ ist beschlossen wir dann hier unsere Whiskydestillerie zu errichten.<\/p>\n<p><a href=\"https:\/\/www.saarwhisky.de\/wp-content\/uploads\/2019\/06\/moonshine_klein.jpg\"><img loading=\"lazy\" decoding=\"async\" class=\"alignleft wp-image-1562 size-full\" src=\"https:\/\/www.saarwhisky.de\/wp-content\/uploads\/2019\/06\/moonshine_klein.jpg\" alt=\"\" width=\"1250\" height=\"607\" srcset=\"https:\/\/www.saarwhisky.de\/wp-content\/uploads\/2019\/06\/moonshine_klein.jpg 1250w, https:\/\/www.saarwhisky.de\/wp-content\/uploads\/2019\/06\/moonshine_klein-600x291.jpg 600w, https:\/\/www.saarwhisky.de\/wp-content\/uploads\/2019\/06\/moonshine_klein-300x146.jpg 300w, https:\/\/www.saarwhisky.de\/wp-content\/uploads\/2019\/06\/moonshine_klein-768x373.jpg 768w, https:\/\/www.saarwhisky.de\/wp-content\/uploads\/2019\/06\/moonshine_klein-1024x497.jpg 1024w\" sizes=\"auto, (max-width: 1250px) 100vw, 1250px\" \/><\/a><\/p>\n<p>Weitere Informationen sind auf der <a href=\"http:\/\/www.moonshine-distillery.de\/\">Homepage der MOONSHINE DISTILLERY<\/a> abrufbar<\/p>\n<p><a href=\"https:\/\/www.saarwhisky.de\/?page_id=6\">\u00dcber uns<\/a> | <a href=\"https:\/\/www.saarwhisky.de\/?page_id=1219\">Moonshine Destillerie<\/a> | <a href=\"https:\/\/www.saarwhisky.de\/?page_id=1226\">Private Cask Service<\/a> | <a href=\"https:\/\/www.saarwhisky.de\/?page_id=1232\">Lohnherstellung\/Abf\u00fcllung<\/a><\/p>\n<p>&nbsp;<\/p>\n<p>&nbsp;<\/p>\n","protected":false},"excerpt":{"rendered":"<p>\u2013Handgefertigte Premiumspirituosen aus Leidenschaft\u2013 &nbsp; Neben preisgekr\u00f6nten Direktimporten stellen wir in unserer Craft-Destillerie in aufwendiger Handarbeit geschmackvolle Premiumspirituosen vielf\u00e4ltiger Art her. Durch liebevollde Handarbeit, aufwendige Mazerationsverfahren und eigens entwickelten Rezepturen erwachen unsere Premiumspirituosen zum Leben. Wie schon Pernod 1870 und &hellip; <a href=\"https:\/\/www.saarwhisky.de\/?page_id=1219\">Weiter<\/a><\/p>\n","protected":false},"author":1,"featured_media":0,"parent":0,"menu_order":0,"comment_status":"closed","ping_status":"closed","template":"page-fullwidth.php","meta":{"footnotes":""},"class_list":["post-1219","page","type-page","status-publish","hentry"],"_links":{"self":[{"href":"https:\/\/www.saarwhisky.de\/index.php?rest_route=\/wp\/v2\/pages\/1219","targetHints":{"allow":["GET"]}}],"collection":[{"href":"https:\/\/www.saarwhisky.de\/index.php?rest_route=\/wp\/v2\/pages"}],"about":[{"href":"https:\/\/www.saarwhisky.de\/index.php?rest_route=\/wp\/v2\/types\/page"}],"author":[{"embeddable":true,"href":"https:\/\/www.saarwhisky.de\/index.php?rest_route=\/wp\/v2\/users\/1"}],"replies":[{"embeddable":true,"href":"https:\/\/www.saarwhisky.de\/index.php?rest_route=%2Fwp%2Fv2%2Fcomments&post=1219"}],"version-history":[{"count":8,"href":"https:\/\/www.saarwhisky.de\/index.php?rest_route=\/wp\/v2\/pages\/1219\/revisions"}],"predecessor-version":[{"id":1563,"href":"https:\/\/www.saarwhisky.de\/index.php?rest_route=\/wp\/v2\/pages\/1219\/revisions\/1563"}],"wp:attachment":[{"href":"https:\/\/www.saarwhisky.de\/index.php?rest_route=%2Fwp%2Fv2%2Fmedia&parent=1219"}],"curies":[{"name":"wp","href":"https:\/\/api.w.org\/{rel}","templated":true}]}}