{"id":1226,"date":"2018-07-03T08:53:59","date_gmt":"2018-07-03T06:53:59","guid":{"rendered":"https:\/\/www.saarwhisky.de\/?page_id=1226"},"modified":"2018-07-03T09:14:48","modified_gmt":"2018-07-03T07:14:48","slug":"private-cask-service","status":"publish","type":"page","link":"https:\/\/www.saarwhisky.de\/?page_id=1226","title":{"rendered":"Private Cask Service"},"content":{"rendered":"<p>Neben eigenen Abf\u00fcllungen bieten wir unseren Kunden als Direktimporteur die M\u00f6glichkeit ganze Fasschargen f\u00fcr ihre Zwecke zu personalisieren.<\/p>\n<p>Unser Angebot richtet sich sowohl an Fach- und Gro\u00dfhandel als auch an Privatpersonen, die ihren Traum vom eigenen Whiskyfass verwirklichen m\u00f6chten. Dabei sind Kleinstchargen (1-50 Flaschen) ebenso wie mehrere hl umsetzbar.<\/p>\n<p>Somit lassen sich eigene Abf\u00fcllungen realisieren f\u00fcr<\/p>\n<p>\u2022 Privatpersonen<br \/>\n\u2022 Besondere Anl\u00e4sse (Geburtstage, Hochzeiten, etc.)<br \/>\n\u2022 Eigene Marken f\u00fcr Wiederverk\u00e4ufer<br \/>\n\u2022 Exklusive Werbegeschenke f\u00fcr Firmen<\/p>\n<p>Wir beraten Sie gerne bei der Auswahl von Fass und Spirituose und realisieren f\u00fcr Sie die Flaschenabf\u00fcllung sowie Etikettierung und Transport.<\/p>\n<p><a href=\"https:\/\/www.saarwhisky.de\/wp-content\/uploads\/2018\/07\/barrels_web2.jpg\"><img loading=\"lazy\" decoding=\"async\" class=\"alignleft wp-image-1230 size-full\" src=\"https:\/\/www.saarwhisky.de\/wp-content\/uploads\/2018\/07\/barrels_web2.jpg\" alt=\"\" width=\"1140\" height=\"520\" srcset=\"https:\/\/www.saarwhisky.de\/wp-content\/uploads\/2018\/07\/barrels_web2.jpg 1140w, https:\/\/www.saarwhisky.de\/wp-content\/uploads\/2018\/07\/barrels_web2-600x274.jpg 600w, https:\/\/www.saarwhisky.de\/wp-content\/uploads\/2018\/07\/barrels_web2-300x137.jpg 300w, https:\/\/www.saarwhisky.de\/wp-content\/uploads\/2018\/07\/barrels_web2-768x350.jpg 768w, https:\/\/www.saarwhisky.de\/wp-content\/uploads\/2018\/07\/barrels_web2-1024x467.jpg 1024w\" sizes=\"auto, (max-width: 1140px) 100vw, 1140px\" \/><\/a><\/p>\n<p>&nbsp;<\/p>\n<p><a href=\"https:\/\/www.saarwhisky.de\/?page_id=6\">\u00dcber uns<\/a> | <a href=\"https:\/\/www.saarwhisky.de\/?page_id=1219\">Moonshine Destillerie<\/a> | <a href=\"https:\/\/www.saarwhisky.de\/?page_id=1226\">Private Cask Service<\/a> | <a href=\"https:\/\/www.saarwhisky.de\/?page_id=1232\">Lohnherstellung\/Abf\u00fcllung<\/a><\/p>\n","protected":false},"excerpt":{"rendered":"<p>Neben eigenen Abf\u00fcllungen bieten wir unseren Kunden als Direktimporteur die M\u00f6glichkeit ganze Fasschargen f\u00fcr ihre Zwecke zu personalisieren. Unser Angebot richtet sich sowohl an Fach- und Gro\u00dfhandel als auch an Privatpersonen, die ihren Traum vom eigenen Whiskyfass verwirklichen m\u00f6chten. Dabei &hellip; <a href=\"https:\/\/www.saarwhisky.de\/?page_id=1226\">Weiter<\/a><\/p>\n","protected":false},"author":1,"featured_media":0,"parent":0,"menu_order":0,"comment_status":"closed","ping_status":"closed","template":"page-fullwidth.php","meta":{"footnotes":""},"class_list":["post-1226","page","type-page","status-publish","hentry"],"_links":{"self":[{"href":"https:\/\/www.saarwhisky.de\/index.php?rest_route=\/wp\/v2\/pages\/1226","targetHints":{"allow":["GET"]}}],"collection":[{"href":"https:\/\/www.saarwhisky.de\/index.php?rest_route=\/wp\/v2\/pages"}],"about":[{"href":"https:\/\/www.saarwhisky.de\/index.php?rest_route=\/wp\/v2\/types\/page"}],"author":[{"embeddable":true,"href":"https:\/\/www.saarwhisky.de\/index.php?rest_route=\/wp\/v2\/users\/1"}],"replies":[{"embeddable":true,"href":"https:\/\/www.saarwhisky.de\/index.php?rest_route=%2Fwp%2Fv2%2Fcomments&post=1226"}],"version-history":[{"count":5,"href":"https:\/\/www.saarwhisky.de\/index.php?rest_route=\/wp\/v2\/pages\/1226\/revisions"}],"predecessor-version":[{"id":1242,"href":"https:\/\/www.saarwhisky.de\/index.php?rest_route=\/wp\/v2\/pages\/1226\/revisions\/1242"}],"wp:attachment":[{"href":"https:\/\/www.saarwhisky.de\/index.php?rest_route=%2Fwp%2Fv2%2Fmedia&parent=1226"}],"curies":[{"name":"wp","href":"https:\/\/api.w.org\/{rel}","templated":true}]}}