{"id":141,"date":"2015-06-10T11:39:44","date_gmt":"2015-06-10T09:39:44","guid":{"rendered":"http:\/\/www.saarwhisky.de\/?page_id=141"},"modified":"2016-01-19T10:33:27","modified_gmt":"2016-01-19T09:33:27","slug":"versandmethoden","status":"publish","type":"page","link":"https:\/\/www.saarwhisky.de\/?page_id=141","title":{"rendered":"Versandmethoden"},"content":{"rendered":"<p style=\"text-align: justify;\"><strong>1. Lieferung<\/strong><\/p>\n<p style=\"text-align: justify;\">(1) Sofern wir dies in der Produktbeschreibung nicht deutlich anders angegeben haben, sind alle von uns angebotenen Artikel sofort versandfertig. Die Lieferung erfolgt hier sp\u00e4testen innerhalb von 7 Werktagen. Dabei beginnt die Frist f\u00fcr die Lieferung im Falle der Zahlung per Vorkasse am Tag nach Zahlungsauftrag an die mit der \u00dcberweisung beauftragte Bank und bei allen anderen Zahlungsarten am Tag nach Vertragsschluss zu laufen. F\u00e4llt das Fristende auf einen Samstag, Sonntag oder gesetzlichen Feiertag am Lieferort, so endet die Frist am n\u00e4chsten Werktag.<\/p>\n<p style=\"text-align: justify;\">(2) Die Gefahr des zuf\u00e4lligen Untergangs und der zuf\u00e4lligen Verschlechterung der verkauften Sache geht auch beim Versendungskauf erst mit der \u00dcbergabe der Sache an den K\u00e4ufer auf diesen \u00fcber.<\/p>\n<p>(3) Der Versand Ihrer Bestellung erfolgt per DHL<\/p>\n<p>(4) SaarWhisky GmbH versendet standardm\u00e4\u00dfig nur nach Deutschland.<\/p>\n<p style=\"text-align: justify;\"><strong>2. Eigentumsvorbehalt<\/strong><\/p>\n<p>Wir behalten uns das Eigentum an der Ware bis zur vollst\u00e4ndigen Bezahlung des Kaufpreises vor.<\/p>\n<p style=\"text-align: justify;\"><strong>3. Versandkosten<\/strong><\/p>\n<p style=\"text-align: justify;\">F\u00fcr den Versand innerhalb Deutschlands berechnen sich die Versandkosten wie folgt:<\/p>\n<ul>\n<li style=\"text-align: left;\">Paket bis 1 kg \u00a0\u00a0\u00a0\u00a0\u00a0\u00a0\u00a0\u00a0\u00a0\u00a0 \u00a0 \u00a0\u00a0 5,99 EUR<\/li>\n<li style=\"text-align: left;\">Paket bis 2 kg \u00a0 \u00a0 \u00a0 \u00a0 \u00a0 \u00a0 \u00a0 \u00a0 6,99 EUR<\/li>\n<li style=\"text-align: left;\">Paket bis 5 kg\u00a0 \u00a0 \u00a0 \u00a0 \u00a0 \u00a0 \u00a0 \u00a0\u00a0 8,99 EUR<\/li>\n<li style=\"text-align: left;\">Paket bis 10 kg \u00a0\u00a0\u00a0\u00a0\u00a0\u00a0\u00a0\u00a0\u00a0 \u00a0 \u00a0 9,99 EUR<\/li>\n<li style=\"text-align: left;\">Paket bis 31,5 kg\u00a0\u00a0\u00a0\u00a0\u00a0\u00a0 \u00a0 29,99 EUR<\/li>\n<li style=\"text-align: left;\">Paket \u00fcber 31,5 kg\u00a0\u00a0\u00a0\u00a0 39,99 EUR<\/li>\n<\/ul>\n","protected":false},"excerpt":{"rendered":"<p>1. Lieferung (1) Sofern wir dies in der Produktbeschreibung nicht deutlich anders angegeben haben, sind alle von uns angebotenen Artikel sofort versandfertig. Die Lieferung erfolgt hier sp\u00e4testen innerhalb von 7 Werktagen. Dabei beginnt die Frist f\u00fcr die Lieferung im Falle &hellip; <a href=\"https:\/\/www.saarwhisky.de\/?page_id=141\">Weiter<\/a><\/p>\n","protected":false},"author":1,"featured_media":0,"parent":0,"menu_order":0,"comment_status":"closed","ping_status":"open","template":"page-feature.php","meta":{"footnotes":""},"class_list":["post-141","page","type-page","status-publish","hentry"],"_links":{"self":[{"href":"https:\/\/www.saarwhisky.de\/index.php?rest_route=\/wp\/v2\/pages\/141","targetHints":{"allow":["GET"]}}],"collection":[{"href":"https:\/\/www.saarwhisky.de\/index.php?rest_route=\/wp\/v2\/pages"}],"about":[{"href":"https:\/\/www.saarwhisky.de\/index.php?rest_route=\/wp\/v2\/types\/page"}],"author":[{"embeddable":true,"href":"https:\/\/www.saarwhisky.de\/index.php?rest_route=\/wp\/v2\/users\/1"}],"replies":[{"embeddable":true,"href":"https:\/\/www.saarwhisky.de\/index.php?rest_route=%2Fwp%2Fv2%2Fcomments&post=141"}],"version-history":[{"count":8,"href":"https:\/\/www.saarwhisky.de\/index.php?rest_route=\/wp\/v2\/pages\/141\/revisions"}],"predecessor-version":[{"id":507,"href":"https:\/\/www.saarwhisky.de\/index.php?rest_route=\/wp\/v2\/pages\/141\/revisions\/507"}],"wp:attachment":[{"href":"https:\/\/www.saarwhisky.de\/index.php?rest_route=%2Fwp%2Fv2%2Fmedia&parent=141"}],"curies":[{"name":"wp","href":"https:\/\/api.w.org\/{rel}","templated":true}]}}