{"id":267,"date":"2015-10-24T10:38:09","date_gmt":"2015-10-24T08:38:09","guid":{"rendered":"http:\/\/www.saarwhisky.de\/?page_id=267"},"modified":"2019-06-24T21:29:37","modified_gmt":"2019-06-24T19:29:37","slug":"fachhandellokale","status":"publish","type":"page","link":"https:\/\/www.saarwhisky.de\/?page_id=267","title":{"rendered":"Fachhandel\/Lokale"},"content":{"rendered":"<p>SaarWhisky gibt es nicht nur online zu kaufen, sondern wird auch in ausgew\u00e4hlten Fachgesch\u00e4ften und Gastst\u00e4tten angeboten.<\/p>\n<p>Hier eine \u00dcbersicht:<\/p>\n<p>&nbsp;<\/p>\n<h4>Fachhandel:<\/h4>\n<p>&nbsp;<\/p>\n<p><strong>B\u00fccher Bastuck &#8211; Wein und Genuss<\/strong><br \/>\n<span class=\"LrzXr\">Domgalerie, Luisenstra\u00dfe 2-14<br \/>\n66606 St. Wendel<\/span><\/p>\n<p>&nbsp;<\/p>\n<p><strong>Whiskytower<br \/>\n<\/strong><span class=\"_Xbe\">Wiesenstra\u00dfe 3<br \/>\n66763 Dillingen-Diefflen<\/span><\/p>\n<p>&nbsp;<\/p>\n<p><strong>Dalay Zigarren<\/strong><br \/>\nF\u00fcrstenstra\u00dfe 15b<br \/>\n66111 Saarbr\u00fccken<\/p>\n<p>&nbsp;<\/p>\n<p><strong>Fruchteria<\/strong><br \/>\nMainzer Stra\u00dfe 12<br \/>\n66111 Saarbr\u00fccken<\/p>\n<p>&nbsp;<\/p>\n<p><strong>Saarbr\u00fccker Beer Society<\/strong><br \/>\nMainzer Stra\u00dfe 5<br \/>\n66111 Saarbr\u00fccken<\/p>\n<p>&nbsp;<\/p>\n<p><strong>Kawumm Saarbr\u00fccken<\/strong><br \/>\n<span class=\"LrzXr\">Kronenstra\u00dfe 2<\/span><br \/>\n66111 Saarbr\u00fccken<\/p>\n<p>&nbsp;<\/p>\n<p><b>KaJu&#8217;s Genusswelt<\/b><br \/>\nMarktstrasse 9<br \/>\n66424 Homburg<\/p>\n<p>&nbsp;<\/p>\n<p><strong>Bierverlag Kessler<br \/>\n<\/strong><span class=\"_Xbe\">Saarbr\u00fccker Str. 201<br \/>\n66679 Losheim am See<\/span><\/p>\n<p>&nbsp;<\/p>\n<p><strong>Hotel Seezeitlodge<br \/>\n<\/strong><span class=\"_Xbe\">Am Bostalsee 1<br \/>\n66625 Gonnesweiler<\/span><\/p>\n<p>&nbsp;<\/p>\n<p><strong>Nieders Laden<br \/>\n<\/strong><span class=\"LrzXr\">Bahnhofstra\u00dfe 28<br \/>\n66450 Bexbach<\/span><\/p>\n<p>&nbsp;<\/p>\n<p><strong>Vinicole<\/strong><br \/>\nWarsberger Stra\u00dfe<br \/>\n54439 Saarburg<\/p>\n<p>&nbsp;<\/p>\n<p><strong>PJ&#8217;s Whisky Shop<br \/>\n<\/strong><span class=\"_Xbe\">V\u00f6lklinger Str. 120<br \/>\n66333 V\u00f6lklingen<\/span><\/p>\n<p>&nbsp;<\/p>\n<p><strong>Westwood-Whisky<\/strong><br \/>\nGrabenstr. 1<br \/>\n56428 Dernbach<\/p>\n<p>&nbsp;<\/p>\n<p><strong>Postert Whisky<br \/>\n<\/strong><span class=\"LrzXr\">Im Weidenbruch 169A<br \/>\n<\/span><span class=\"LrzXr\">51061 K\u00f6ln<\/span><\/p>\n<p>&nbsp;<\/p>\n<p><strong>Absinthdepot Berlin<br \/>\n<\/strong><span class=\"LrzXr\">Weinmeisterstra\u00dfe 4<br \/>\n10178 Berlin<\/span><\/p>\n<p>&nbsp;<\/p>\n<p><strong>Absintherie Sixtina<\/strong><br \/>\n<span class=\"LrzXr\">Sternwartenstra\u00dfe 4<br \/>\n04103 Leipzig<\/span><\/p>\n<p>&nbsp;<\/p>\n<p><strong>Gr\u00fcner Engel<\/strong><br \/>\n<span class=\"LrzXr\">Untere Str. 14<br \/>\n69117 Heidelberg<\/span><\/p>\n<p>&nbsp;<\/p>\n<h4>Gastst\u00e4tten (im Ausschank erh\u00e4ltlich):<\/h4>\n<p><strong>Bar Central\/Stadtsch\u00e4nke<\/strong><br \/>\nNauwieserstra\u00dfe 33b<br \/>\n66111 Saarbr\u00fccken<\/p>\n<p>&nbsp;<\/p>\n<p><strong>Gasthaus Bingert<\/strong><br \/>\nNauwieserstra\u00dfe 7<br \/>\n66111 Saarbr\u00fccken<\/p>\n<p><strong><br \/>\nGasthaus Klein<\/strong><br \/>\nCecilienstra\u00dfe 8<br \/>\n66111 Saarbr\u00fccken<\/p>\n<p>&nbsp;<\/p>\n<p><strong>Gusto Steakhouse<\/strong><br \/>\nAm St. Johanner Markt<br \/>\n66111 Saarbr\u00fccken<\/p>\n<p>&nbsp;<\/p>\n<p><strong>Hotel Seezeitlodge<br \/>\n<\/strong><span class=\"_Xbe\">Am Bostalsee 1<br \/>\n66625 Gonnesweiler<\/span><\/p>\n<p>&nbsp;<\/p>\n<p><strong>Hotel Warndtperle<\/strong><br \/>\n<span class=\"_Xbe\">V\u00f6lklinger Str. 120<br \/>\n66333 V\u00f6lklingen<\/span><\/p>\n<p>&nbsp;<\/p>\n<p><strong>Wally&#8217;s Irish Pub<\/strong><br \/>\nKatholisch-Kirch Stra\u00dfe 1<br \/>\n66111 Saarbr\u00fccken<\/p>\n<p>&nbsp;<\/p>\n<p><strong>Jan Becker Haardesign<br \/>\n<\/strong><span class=\"_Xbe\">Marienstra\u00dfe 4<br \/>\n66292 Riegelsberg<\/span><\/p>\n<p>&nbsp;<\/p>\n<p><strong>Restaurant Hotel Dragoner<\/strong><br \/>\nAmmergauer Stra\u00dfe 11+16<br \/>\n86971 Peiting<\/p>\n<p>&nbsp;<\/p>\n<p><strong>La Bottega da Caf\u00e9 Meloni<br \/>\n<\/strong>Kornmarkt 1<br \/>\n65549 Limburg<\/p>\n<p>&nbsp;<\/p>\n<p><strong>Hermann&#8217;s Cafe<br \/>\n<\/strong><span class=\"_Xbe\">Pl\u00f6tze 10<br \/>\n65549 Limburg<br \/>\n<\/span><\/p>\n<p>&nbsp;<\/p>\n<p><strong>Villa Konthor<\/strong><br \/>\nWerner-Senger Stra\u00dfe 23<br \/>\n65549 Limburg<\/p>\n<p>&nbsp;<\/p>\n<p><strong>Absintherie Sixtina<\/strong><br \/>\n<span class=\"LrzXr\">Sternwartenstra\u00dfe 4<br \/>\n04103 Leipzig<\/span><\/p>\n<p>&nbsp;<\/p>\n<p><strong>The Whisky Bar KL<br \/>\n<\/strong><span class=\"_Xbe\">46, Changkat Bukit Bintang<br \/>\n50200 Kuala Lumpur<\/span><strong><br \/>\n<\/strong><\/p>\n<p>&nbsp;<\/p>\n<div class=\"place-desc-large\">\n<div class=\"place-name\"><strong>Vanilla Var (Absinth Bar in Tokio)<br \/>\n<\/strong><\/div>\n<div class=\"address\">Japan, \u3012104-0061 \u6771\u4eac\u90fd\u4e2d\u592e\u533aGinza<br \/>\n3 Chome\u221212, \u9280\u5ea73-12-5 \u5b8f\u548c\u30d3\u30eb<\/div>\n<\/div>\n<div class=\"navigate\">\n<div class=\"navigate\">\n<div class=\"icon navigate-icon\"><\/div>\n<div class=\"navigate-text\"><\/div>\n<\/div>\n<\/div>\n<p>&nbsp;<\/p>\n","protected":false},"excerpt":{"rendered":"<p>SaarWhisky gibt es nicht nur online zu kaufen, sondern wird auch in ausgew\u00e4hlten Fachgesch\u00e4ften und Gastst\u00e4tten angeboten. Hier eine \u00dcbersicht: &nbsp; Fachhandel: &nbsp; B\u00fccher Bastuck &#8211; Wein und Genuss Domgalerie, Luisenstra\u00dfe 2-14 66606 St. Wendel &nbsp; Whiskytower Wiesenstra\u00dfe 3 66763 &hellip; <a href=\"https:\/\/www.saarwhisky.de\/?page_id=267\">Weiter<\/a><\/p>\n","protected":false},"author":1,"featured_media":0,"parent":0,"menu_order":0,"comment_status":"open","ping_status":"open","template":"page-feature.php","meta":{"footnotes":""},"class_list":["post-267","page","type-page","status-publish","hentry"],"_links":{"self":[{"href":"https:\/\/www.saarwhisky.de\/index.php?rest_route=\/wp\/v2\/pages\/267","targetHints":{"allow":["GET"]}}],"collection":[{"href":"https:\/\/www.saarwhisky.de\/index.php?rest_route=\/wp\/v2\/pages"}],"about":[{"href":"https:\/\/www.saarwhisky.de\/index.php?rest_route=\/wp\/v2\/types\/page"}],"author":[{"embeddable":true,"href":"https:\/\/www.saarwhisky.de\/index.php?rest_route=\/wp\/v2\/users\/1"}],"replies":[{"embeddable":true,"href":"https:\/\/www.saarwhisky.de\/index.php?rest_route=%2Fwp%2Fv2%2Fcomments&post=267"}],"version-history":[{"count":21,"href":"https:\/\/www.saarwhisky.de\/index.php?rest_route=\/wp\/v2\/pages\/267\/revisions"}],"predecessor-version":[{"id":1568,"href":"https:\/\/www.saarwhisky.de\/index.php?rest_route=\/wp\/v2\/pages\/267\/revisions\/1568"}],"wp:attachment":[{"href":"https:\/\/www.saarwhisky.de\/index.php?rest_route=%2Fwp%2Fv2%2Fmedia&parent=267"}],"curies":[{"name":"wp","href":"https:\/\/api.w.org\/{rel}","templated":true}]}}