{"id":6,"date":"2015-03-09T21:31:28","date_gmt":"2015-03-09T20:31:28","guid":{"rendered":"http:\/\/www.saarwhisky.de\/?page_id=6"},"modified":"2017-12-16T13:38:01","modified_gmt":"2017-12-16T12:38:01","slug":"saarwhisky","status":"publish","type":"page","link":"https:\/\/www.saarwhisky.de\/?page_id=6","title":{"rendered":"\u00dcber Uns"},"content":{"rendered":"<p>Seit April 2015 widmen wir uns dem Vertrieb hochwertiger Single Malt Whiskys. Dabei sind wir auf sog. \u201e<strong>Single Cask Bottlings<\/strong>\u201c spezialisiert. Das sind Whiskyabf\u00fcllungen aus nur einem einzigen Fass, welche in kleinen Chargen angeboten werden. Diese haben dabei in der Flasche noch dieselbe Alkoholst\u00e4rke wie sie urspr\u00fcnglich im Whiskyfass vorhanden war (Fassst\u00e4rke) und kommen ohne Zus\u00e4tze von Farbstoffen oder K\u00fchlfiltration aus.<\/p>\n<p>Hierf\u00fcr importieren wir F\u00e4sser aus Schottland und Irland, welche wir im Vorfeld unter hunderten ausgew\u00e4hlt haben. Dabei wird jeder Fassinhalt von uns selbst einer Geschmacksprobe unterzogen, sodass wir guten Gewissens sagen k\u00f6nnen, nur die f\u00fcr uns besten Inhalte anzubieten.<\/p>\n<p>Kaum eine Region im S\u00fcdwesten Deutschlands und im Herzen Europas hat so viele Besonderheiten wie das Saarland.<br \/>\nVon schwerem Bergbau geformt und mit facettenreichen Naturlandschaften gekr\u00f6nt ist es ein F\u00fcllhorn scheinbarer Gegens\u00e4tze.<\/p>\n<p>Mit h\u00f6chster Sorgfalt ausgew\u00e4hlte Single Malts aus den besten Regionen der Welt sind gerade gut genug dazu diese Besonderheiten auszudr\u00fccken.<\/p>\n<p>Thema unserer Whiskys ist dabei stets Saarl\u00e4ndisches Kulturgut. Ausschlaggebend ist hierf\u00fcr der Geschmack der einzelnen Destillate. Ein rauchig und torfig schmeckender Whisky hatte so schon den Namen \u201eGruwehewwel\u201c oder \u201eSchwenker\u201c bekommen.<\/p>\n<p>&nbsp;<\/p>\n<h5>Mehrfach ausgezeichnetes Sortiment<\/h5>\n<p>Mittlerweile ist unser Sortiment mehr als 5-Fach ausgezeichnet.<\/p>\n<p>In Jim Murray\u2019s Whisky Bible, dem auflagenst\u00e4rksten Nachschlagewerk in der Whiskyszene gewannen wir unter 4000 Whiskys den Preis f\u00fcr den weltbesten Single Malt (Single Malt Scotch, 10 Years under), sowie einen Liquid Gold Award. Auszeichnungen in den Kategorien \u201eExcellent Whisky\u201c, \u201eBrilliant Whisky\u201c, und \u201eSuperstar Whisky\u201c folgten<\/p>\n<p><a href=\"http:\/\/www.saarwhisky.de\/wp-content\/uploads\/2017\/02\/LG-96.5.png\"><img loading=\"lazy\" decoding=\"async\" class=\"alignleft size-medium wp-image-865\" src=\"http:\/\/www.saarwhisky.de\/wp-content\/uploads\/2017\/02\/LG-96.5-300x300.png\" alt=\"LG 96.5\" width=\"300\" height=\"300\" srcset=\"https:\/\/www.saarwhisky.de\/wp-content\/uploads\/2017\/02\/LG-96.5-300x300.png 300w, https:\/\/www.saarwhisky.de\/wp-content\/uploads\/2017\/02\/LG-96.5-100x100.png 100w, https:\/\/www.saarwhisky.de\/wp-content\/uploads\/2017\/02\/LG-96.5-600x600.png 600w, https:\/\/www.saarwhisky.de\/wp-content\/uploads\/2017\/02\/LG-96.5-150x150.png 150w, https:\/\/www.saarwhisky.de\/wp-content\/uploads\/2017\/02\/LG-96.5-730x730.png 730w, https:\/\/www.saarwhisky.de\/wp-content\/uploads\/2017\/02\/LG-96.5-365x365.png 365w, https:\/\/www.saarwhisky.de\/wp-content\/uploads\/2017\/02\/LG-96.5.png 1000w\" sizes=\"auto, (max-width: 300px) 100vw, 300px\" \/><\/a><\/p>\n<p>&nbsp;<\/p>\n","protected":false},"excerpt":{"rendered":"<p>Seit April 2015 widmen wir uns dem Vertrieb hochwertiger Single Malt Whiskys. Dabei sind wir auf sog. \u201eSingle Cask Bottlings\u201c spezialisiert. Das sind Whiskyabf\u00fcllungen aus nur einem einzigen Fass, welche in kleinen Chargen angeboten werden. Diese haben dabei in der &hellip; <a href=\"https:\/\/www.saarwhisky.de\/?page_id=6\">Weiter<\/a><\/p>\n","protected":false},"author":1,"featured_media":0,"parent":0,"menu_order":0,"comment_status":"open","ping_status":"open","template":"page-feature.php","meta":{"footnotes":""},"class_list":["post-6","page","type-page","status-publish","hentry"],"_links":{"self":[{"href":"https:\/\/www.saarwhisky.de\/index.php?rest_route=\/wp\/v2\/pages\/6","targetHints":{"allow":["GET"]}}],"collection":[{"href":"https:\/\/www.saarwhisky.de\/index.php?rest_route=\/wp\/v2\/pages"}],"about":[{"href":"https:\/\/www.saarwhisky.de\/index.php?rest_route=\/wp\/v2\/types\/page"}],"author":[{"embeddable":true,"href":"https:\/\/www.saarwhisky.de\/index.php?rest_route=\/wp\/v2\/users\/1"}],"replies":[{"embeddable":true,"href":"https:\/\/www.saarwhisky.de\/index.php?rest_route=%2Fwp%2Fv2%2Fcomments&post=6"}],"version-history":[{"count":18,"href":"https:\/\/www.saarwhisky.de\/index.php?rest_route=\/wp\/v2\/pages\/6\/revisions"}],"predecessor-version":[{"id":672,"href":"https:\/\/www.saarwhisky.de\/index.php?rest_route=\/wp\/v2\/pages\/6\/revisions\/672"}],"wp:attachment":[{"href":"https:\/\/www.saarwhisky.de\/index.php?rest_route=%2Fwp%2Fv2%2Fmedia&parent=6"}],"curies":[{"name":"wp","href":"https:\/\/api.w.org\/{rel}","templated":true}]}}