{"id":705,"date":"2016-06-28T13:42:04","date_gmt":"2016-06-28T11:42:04","guid":{"rendered":"http:\/\/www.saarwhisky.de\/?page_id=705"},"modified":"2019-03-05T09:37:52","modified_gmt":"2019-03-05T08:37:52","slug":"whisky-tasting","status":"publish","type":"page","link":"https:\/\/www.saarwhisky.de\/?page_id=705","title":{"rendered":"Whisky Tastings\/Veranstaltungen"},"content":{"rendered":"<p><span class=\"_4n-j fsl\">Im Folgenden eine Liste unserer aktuellen Tastingtermine und Veranstaltungen<br \/>\nSie k\u00f6nnen sich mithilfe des unteren Formulars f\u00fcr den jeweiligen Termin anmelden<br \/>\noder per Mail an: info@saarwhisky.de.<br \/>\nGeben Sie hierzu bitte das jeweilige Datum<br \/>\nund die Anzahl der Personen an, die an dem Tasting teilnehmen.<\/span><\/p>\n<p>&nbsp;<\/p>\n<p><strong>26.01.2019 | Whiskytasting | 65 \u20ac pro Person<\/strong><\/p>\n<p>Verk\u00f6stigt werden s\u00e4mtliche der aktuellen Abf\u00fcllungen von Saarwhisky.<br \/>\nDazu gibt es kleinere Snacks, Brot und Getr\u00e4nke.<\/p>\n<p><strong>Ort<\/strong><\/p>\n<p><span class=\"_Xbe\">Jan Becker Haardesign<br \/>\nMarienstra\u00dfe 4<br \/>\n66292 Riegelsberg<\/span><\/p>\n<p>&nbsp;<\/p>\n<p><strong>20.04. &#8211; 21.04.2019 | \u201eCirque des Gourmets\u201c \u2013 der regionale Genussmarkt im Zeltpalast Merzig<\/strong><\/p>\n<p>Zusammen mit dem Bierverlag Kessler sind wir am 20. und 21. April auf dem \u201eCirque des Gourmets\u201c \u2013<br \/>\ndem regionale Genussmarkt im Zeltpalast Merzig vertreten. Kommt vorbei und trinkt was feines.<br \/>\nEs w\u00e4re sch\u00f6n, den ein- oder anderen von Euch dort zu treffen.<\/p>\n<p>Weitere Infos findet Ihr <a href=\"https:\/\/www.merzig.de\/veranstaltung\/cirque-des-gourmets-der-regionale-genussmarkt-im-zeltpalast-merzig\/?fbclid=IwAR2bs3HeycWYggnWRlwS7PtkUJfKyVwBPAWQ4yOPR_5FBvbKpMV8-cu0SUo\">hier.<\/a><\/p>\n<p><strong>27.04.2019 | 2. Absinth Fest in Freiburg<\/strong><\/p>\n<p>Freunde des Absinthes k\u00f6nnen uns an diesem Tag auf dem Absinth Fest in Freiburg besuchen und unsere<br \/>\nhandgefertigten Premiumabsinthe probieren<\/p>\n<p>Samstag, 27. April 2019 von 10:00 bis 20:00<br \/>\n<span id=\"u_0_1a\" class=\"_5xhk\">Haslacher Stra\u00dfe 25, 79115 Freiburg im Breisgau, Deutschland<\/span><\/p>\n<p>&nbsp;<\/p>\n<p><strong>27.04. &#8211; 28.04.2019 | <\/strong><b>18. WhiskyFair Limburg<\/b><\/p>\n<p>Whiskyfreunde aus der ganzen Welt pilgern jedes Jahr auf Europas gr\u00f6\u00dfte Whiskymesse nach Limburg an der Lahn.<br \/>\nIn diesem Jahr gibt es jedoch ein Novum: Mitten in der Limburger Innenstadt und nur zwei Minuten Fu\u00dfmarsch vom Veranstaltungsort der<br \/>\nWhisky Fair entfernt wird unsere Moonshine Destillerie, eine Whiskydestillerie nach schottischem<br \/>\nVorbild er\u00f6ffnet.<\/p>\n<p>27.04.2019, Josef Kohlmaier Halle 11-19 Uhr<br \/>\n28.04.2019, Josef Kohlmaier Halle 10-18 Uhr<\/p>\n<p>&nbsp;<\/p>\n<p><strong>14.06.2019 | Whiskytasting | 59 \u20ac pro Person<\/strong><\/p>\n<p>Verk\u00f6stigt werden s\u00e4mtliche der aktuellen Abf\u00fcllungen von Saarwhisky.<br \/>\nDazu gibt es kleinere Snacks, Brot und Getr\u00e4nke.<\/p>\n<p><strong>Ort<\/strong><\/p>\n<p><span class=\"_Xbe\">Kaju&#8217;s Genusswelt<br \/>\nMarktstra\u00dfe 9<br \/>\n66424 Homburg<\/span><\/p>\n<p>&nbsp;<\/p>\n<p><strong>Private Tastings | individueller Termin<\/strong><\/p>\n<p>Private Tastings au\u00dferhalb der festgelegten Termine\u00a0sind ab 5 Personen buchbar.<br \/>\nF\u00fcr eine Terminabsprache k\u00f6nnen Sie uns unter folgender Adresse kontaktieren:<\/p>\n<p>SaarWhisky GmbH<br \/>\nBeethovenstra\u00dfe 13<br \/>\n66111 Saarbr\u00fccken<br \/>\nTel: 0681 40122623<br \/>\nEmail: info@saarwhisky.de<\/p>\n<p><strong>Veranstaltungsort<\/strong><\/p>\n<p>Gasthaus Bingert<br \/>\nNauwieserstra\u00dfe 7<br \/>\n66111 Saarbr\u00fccken<\/p>\n<p>Sollten Sie einen eigenen Veranstaltungsort vorziehen, so kann das Whiskytasting auch dort stattfinden.<br \/>\nSprechen Sie dies einfach mit uns ab.<\/p>\n<p>&nbsp;<\/p>\n<p><strong>Anmeldung<\/strong><\/p>\n<div class=\"wpcf7\" id=\"wpcf7-f229-o1\" lang=\"de-DE\" dir=\"ltr\">\n<div class=\"screen-reader-response\"><\/div>\n<form name=\"\" action=\"\/index.php?rest_route=%2Fwp%2Fv2%2Fpages%2F705#wpcf7-f229-o1\" method=\"post\" class=\"wpcf7-form\" novalidate=\"novalidate\">\n<div style=\"display: none;\">\n<input type=\"hidden\" name=\"_wpcf7\" value=\"229\" \/>\n<input type=\"hidden\" name=\"_wpcf7_version\" value=\"4.1.1\" \/>\n<input type=\"hidden\" name=\"_wpcf7_locale\" value=\"de_DE\" \/>\n<input type=\"hidden\" name=\"_wpcf7_unit_tag\" value=\"wpcf7-f229-o1\" \/>\n<input type=\"hidden\" name=\"_wpnonce\" value=\"d30cba5e75\" \/>\n<\/div>\n<p>Ihr Name (Pflichtfeld)<br \/>\n    <span class=\"wpcf7-form-control-wrap your-name\"><input type=\"text\" name=\"your-name\" value=\"\" size=\"40\" class=\"wpcf7-form-control wpcf7-text wpcf7-validates-as-required\" aria-required=\"true\" aria-invalid=\"false\" \/><\/span> <\/p>\n<p>Ihre E-Mail-Adresse (Pflichtfeld)<br \/>\n    <span class=\"wpcf7-form-control-wrap your-email\"><input type=\"email\" name=\"your-email\" value=\"\" size=\"40\" class=\"wpcf7-form-control wpcf7-text wpcf7-email wpcf7-validates-as-required wpcf7-validates-as-email\" aria-required=\"true\" aria-invalid=\"false\" \/><\/span> <\/p>\n<p>Anzahl der Personen<br \/>\n    <span class=\"wpcf7-form-control-wrap menu-966\"><select name=\"menu-966\" class=\"wpcf7-form-control wpcf7-select\" aria-invalid=\"false\"><option value=\"1\">1<\/option><option value=\"2\">2<\/option><option value=\"3\">3<\/option><option value=\"4\">4<\/option><option value=\"5\">5<\/option><option value=\"6\">6<\/option><option value=\"7\">7<\/option><option value=\"8\">8<\/option><option value=\"9\">9<\/option><option value=\"10\">10<\/option><\/select><\/span> <\/p>\n<p>Termin<br \/>\n    <span class=\"wpcf7-form-control-wrap menu-370\"><select name=\"menu-370\" class=\"wpcf7-form-control wpcf7-select wpcf7-validates-as-required\" aria-required=\"true\" aria-invalid=\"false\"><option value=\"27.10.2018\">27.10.2018<\/option><option value=\"16.11.2018\">16.11.2018<\/option><option value=\"24.11.2018\">24.11.2018<\/option><option value=\"15.12.2018\">15.12.2018<\/option><option value=\"26.01.2019\">26.01.2019<\/option><option value=\"Anfrage Privates Tasting\">Anfrage Privates Tasting<\/option><\/select><\/span> <\/p>\n<p>Ihre Nachricht<br \/>\n    <span class=\"wpcf7-form-control-wrap your-message\"><textarea name=\"your-message\" cols=\"40\" rows=\"10\" class=\"wpcf7-form-control wpcf7-textarea\" aria-invalid=\"false\"><\/textarea><\/span> <\/p>\n<p>Ich bin damit einverstanden, dass die von mir gemachten Angaben zum Zwecke der Bearbeitung der Anfrage sowie f\u00fcr m\u00f6gliche Anschlussfragen gespeichert werden. Ferner habe ich die <a href=\"https:\/\/www.saarwhisky.de\/?page_id=1121\" target=\"_blank\" rel=\"noopener\">Datenschutzerkl\u00e4rung<\/a> gelesen und bin damit einverstanden. <span class=\"wpcf7-form-control-wrap acceptance-422\"><input type=\"checkbox\" name=\"acceptance-422\" value=\"1\" class=\"wpcf7-form-control wpcf7-acceptance\" aria-invalid=\"false\" \/><\/span> <\/p>\n<p><input type=\"submit\" value=\"Senden\" class=\"wpcf7-form-control wpcf7-submit\" \/><\/p>\n<div class=\"wpcf7-response-output wpcf7-display-none\"><\/div><\/form><\/div>\n","protected":false},"excerpt":{"rendered":"<p>Im Folgenden eine Liste unserer aktuellen Tastingtermine und Veranstaltungen Sie k\u00f6nnen sich mithilfe des unteren Formulars f\u00fcr den jeweiligen Termin anmelden oder per Mail an: info@saarwhisky.de. Geben Sie hierzu bitte das jeweilige Datum und die Anzahl der Personen an, die &hellip; <a href=\"https:\/\/www.saarwhisky.de\/?page_id=705\">Weiter<\/a><\/p>\n","protected":false},"author":1,"featured_media":0,"parent":0,"menu_order":0,"comment_status":"open","ping_status":"open","template":"page-fullwidth.php","meta":{"footnotes":""},"class_list":["post-705","page","type-page","status-publish","hentry"],"_links":{"self":[{"href":"https:\/\/www.saarwhisky.de\/index.php?rest_route=\/wp\/v2\/pages\/705","targetHints":{"allow":["GET"]}}],"collection":[{"href":"https:\/\/www.saarwhisky.de\/index.php?rest_route=\/wp\/v2\/pages"}],"about":[{"href":"https:\/\/www.saarwhisky.de\/index.php?rest_route=\/wp\/v2\/types\/page"}],"author":[{"embeddable":true,"href":"https:\/\/www.saarwhisky.de\/index.php?rest_route=\/wp\/v2\/users\/1"}],"replies":[{"embeddable":true,"href":"https:\/\/www.saarwhisky.de\/index.php?rest_route=%2Fwp%2Fv2%2Fcomments&post=705"}],"version-history":[{"count":19,"href":"https:\/\/www.saarwhisky.de\/index.php?rest_route=\/wp\/v2\/pages\/705\/revisions"}],"predecessor-version":[{"id":1488,"href":"https:\/\/www.saarwhisky.de\/index.php?rest_route=\/wp\/v2\/pages\/705\/revisions\/1488"}],"wp:attachment":[{"href":"https:\/\/www.saarwhisky.de\/index.php?rest_route=%2Fwp%2Fv2%2Fmedia&parent=705"}],"curies":[{"name":"wp","href":"https:\/\/api.w.org\/{rel}","templated":true}]}}