{"id":1167,"date":"2018-05-10T13:20:34","date_gmt":"2018-05-10T11:20:34","guid":{"rendered":"https:\/\/www.saarwhisky.de\/?post_type=product&#038;p=1167"},"modified":"2025-05-15T10:45:38","modified_gmt":"2025-05-15T08:45:38","slug":"absense-absinth-05l","status":"publish","type":"product","link":"https:\/\/www.saarwhisky.de\/?product=absense-absinth-05l","title":{"rendered":"Absense Absinth 0,5l"},"content":{"rendered":"<p>Tiefe Anis und Wermutnoten, die in eine S\u00fc\u00dfe aus Ysop und Melissenbl\u00fcten \u00fcbergehen, lassen unseren handgefertigten Spitzenabsinth zu jenem intensien Trinkerlebnis werden, welches die Originalrezeptur aus dem Val de Travers verspricht.<\/p>\n<p>\u00dcber 13 verschiedene Kr\u00e4uter, die in zweifacher Mazeration die tiefgr\u00fcne Farbe entstehen lassen, bringen eine Geschmacksintensit\u00e4t hervor, die Sie in den Bann m\u00e4rchenhafter Traumlandschaften zieht.<\/p>\n<p>&nbsp;<\/p>\n","protected":false},"excerpt":{"rendered":"<p>Absinth aus eigener Produktion<br \/>\nnach Original Rezeptur aus dem Val de Travers<br \/>\n2-Fach Mazeriert<br \/>\n0,5l<br \/>\n68,8%<\/p>\n<p>Ungefiltert und ohne Farbzus\u00e4tze<\/p>\n<p>Tiefgr\u00fcn und intensiv!<\/p>\n","protected":false},"featured_media":1169,"comment_status":"open","ping_status":"closed","template":"","meta":[],"product_brand":[],"product_cat":[21],"product_tag":[],"class_list":{"0":"post-1167","1":"product","2":"type-product","3":"status-publish","4":"has-post-thumbnail","6":"product_cat-absinth","8":"first","9":"instock","10":"taxable","11":"shipping-taxable","12":"purchasable","13":"product-type-simple"},"_links":{"self":[{"href":"https:\/\/www.saarwhisky.de\/index.php?rest_route=\/wp\/v2\/product\/1167","targetHints":{"allow":["GET"]}}],"collection":[{"href":"https:\/\/www.saarwhisky.de\/index.php?rest_route=\/wp\/v2\/product"}],"about":[{"href":"https:\/\/www.saarwhisky.de\/index.php?rest_route=\/wp\/v2\/types\/product"}],"replies":[{"embeddable":true,"href":"https:\/\/www.saarwhisky.de\/index.php?rest_route=%2Fwp%2Fv2%2Fcomments&post=1167"}],"wp:featuredmedia":[{"embeddable":true,"href":"https:\/\/www.saarwhisky.de\/index.php?rest_route=\/wp\/v2\/media\/1169"}],"wp:attachment":[{"href":"https:\/\/www.saarwhisky.de\/index.php?rest_route=%2Fwp%2Fv2%2Fmedia&parent=1167"}],"wp:term":[{"taxonomy":"product_brand","embeddable":true,"href":"https:\/\/www.saarwhisky.de\/index.php?rest_route=%2Fwp%2Fv2%2Fproduct_brand&post=1167"},{"taxonomy":"product_cat","embeddable":true,"href":"https:\/\/www.saarwhisky.de\/index.php?rest_route=%2Fwp%2Fv2%2Fproduct_cat&post=1167"},{"taxonomy":"product_tag","embeddable":true,"href":"https:\/\/www.saarwhisky.de\/index.php?rest_route=%2Fwp%2Fv2%2Fproduct_tag&post=1167"}],"curies":[{"name":"wp","href":"https:\/\/api.w.org\/{rel}","templated":true}]}}