{"id":1170,"date":"2018-05-10T13:21:38","date_gmt":"2018-05-10T11:21:38","guid":{"rendered":"https:\/\/www.saarwhisky.de\/?product=kein-horn-dry-gin-05l"},"modified":"2025-05-15T12:41:08","modified_gmt":"2025-05-15T10:41:08","slug":"kein-horn-dry-gin-05l","status":"publish","type":"product","link":"https:\/\/www.saarwhisky.de\/?product=kein-horn-dry-gin-05l","title":{"rendered":"Kein Horn Dry Gin 0,5l"},"content":{"rendered":"<p>Finsternis zieht auf im M\u00e4rchenland!<\/p>\n<p>Eine Gruppe unnachgiebiger Zwerge bewaffnet mit \u00c4xten und S\u00e4gen macht sich auf die Jagd jene zauberhafte Kreatur zu fangen, aus deren H\u00f6rnern der fl\u00fcssige Nektar der unsterblichkeit gewonnen wird!<\/p>\n<p><strong>KEIN HORN DRY GIN<\/strong><\/p>\n<p>Fruchtige und Florale Noten geben sich hier mit einem fein austarierten Wachholderaroma die Hand. Doch nicht nur das! Unter seinem Mantel aus fruchtiger Erhabenheit lassen dunkle Nyancen von schwarzer Johannisbeere, frischem Ingwer und Salbei die Aromafacetten vollkommen werden.<\/p>\n<p><strong>Handgefertigter Premiumgin<\/strong><\/p>\n<p>Wie jeder unserer Gins ist auch KeinHorn Dry Gin von Hand mazeriert. In kleinen 40l Alembic Aromadestillen werden behutsam die verschiedenen Geschmacksnuancen herausdestilliert. Diese Brennblasen werden auch in der Parfumindustrie zur Gewinnung hochwertiger Aroma\u00f6le eingesetzt. Sie sind daher bestens geeignet um komplexe und geschmacklich intensive Spitzendestillate zu erzeugen.<\/p>\n<p>&nbsp;<\/p>\n<p>&nbsp;<\/p>\n<p>&nbsp;<\/p>\n","protected":false},"excerpt":{"rendered":"<p>Gin aus eigener Produktion<br \/>\nHandgefertigter Spitzengin<br \/>\n1-Fach Mazeriert und Anschlie\u00dfend Destilliert<br \/>\n0,5l<br \/>\n48,8%<\/p>\n<p>Ungefiltert und ohne Farbzus\u00e4tze<\/p>\n<p>Klar und intensiv!<\/p>\n","protected":false},"featured_media":1171,"comment_status":"open","ping_status":"closed","template":"","meta":[],"product_brand":[],"product_cat":[20,64],"product_tag":[],"class_list":{"0":"post-1170","1":"product","2":"type-product","3":"status-publish","4":"has-post-thumbnail","6":"product_cat-gin","7":"product_cat-gin_geiste","9":"first","10":"instock","11":"taxable","12":"shipping-taxable","13":"purchasable","14":"product-type-simple"},"_links":{"self":[{"href":"https:\/\/www.saarwhisky.de\/index.php?rest_route=\/wp\/v2\/product\/1170","targetHints":{"allow":["GET"]}}],"collection":[{"href":"https:\/\/www.saarwhisky.de\/index.php?rest_route=\/wp\/v2\/product"}],"about":[{"href":"https:\/\/www.saarwhisky.de\/index.php?rest_route=\/wp\/v2\/types\/product"}],"replies":[{"embeddable":true,"href":"https:\/\/www.saarwhisky.de\/index.php?rest_route=%2Fwp%2Fv2%2Fcomments&post=1170"}],"wp:featuredmedia":[{"embeddable":true,"href":"https:\/\/www.saarwhisky.de\/index.php?rest_route=\/wp\/v2\/media\/1171"}],"wp:attachment":[{"href":"https:\/\/www.saarwhisky.de\/index.php?rest_route=%2Fwp%2Fv2%2Fmedia&parent=1170"}],"wp:term":[{"taxonomy":"product_brand","embeddable":true,"href":"https:\/\/www.saarwhisky.de\/index.php?rest_route=%2Fwp%2Fv2%2Fproduct_brand&post=1170"},{"taxonomy":"product_cat","embeddable":true,"href":"https:\/\/www.saarwhisky.de\/index.php?rest_route=%2Fwp%2Fv2%2Fproduct_cat&post=1170"},{"taxonomy":"product_tag","embeddable":true,"href":"https:\/\/www.saarwhisky.de\/index.php?rest_route=%2Fwp%2Fv2%2Fproduct_tag&post=1170"}],"curies":[{"name":"wp","href":"https:\/\/api.w.org\/{rel}","templated":true}]}}