{"id":1282,"date":"2018-10-01T12:44:25","date_gmt":"2018-10-01T10:44:25","guid":{"rendered":"https:\/\/www.saarwhisky.de\/?product=absense-absinth-5cl"},"modified":"2021-11-09T11:26:07","modified_gmt":"2021-11-09T10:26:07","slug":"absense-absinth-5cl","status":"publish","type":"product","link":"https:\/\/www.saarwhisky.de\/?product=absense-absinth-5cl","title":{"rendered":"Absense Absinth 5cl"},"content":{"rendered":"<p>Unser Absinth wird von Hand mazeriert und in kleinen Alembic Brennblasen destilliert. Auf diese Weise entsteht eine besonders starke Geschmacksintensit\u00e4t im fertigen Getr\u00e4nk.<\/p>\n<p>Tiefe Anis und Wermutnoten, die in eine S\u00fc\u00dfe aus Ysop und Melissenbl\u00fcten \u00fcbergehen, lassen unseren handgefertigten Spitzenabsinth zu jenem intensien Trinkerlebnis werden, welches die Originalrezeptur aus dem Val de Travers verspricht.<\/p>\n<p>\u00dcber 13 verschiedene Botanicals, die in zweifacher Mazeration die tiefgr\u00fcne Farbe entstehen lassen, bringen eine Geschmacksintensit\u00e4t hervor, die Sie in den Bann m\u00e4rchenhafter Traumlandschaften zieht.<\/p>\n<p>&nbsp;<\/p>\n","protected":false},"excerpt":{"rendered":"<p>Absinth aus eigener Produktion<br \/>\nnach Original Rezeptur aus dem Val de Travers<br \/>\n2-Fach Mazeriert<br \/>\n0,05l<br \/>\n68,8%<\/p>\n<p>Ungefiltert und ohne Farbzus\u00e4tze<\/p>\n<p>Tiefgr\u00fcn und intensiv!<\/p>\n","protected":false},"featured_media":1284,"comment_status":"open","ping_status":"closed","template":"","meta":[],"product_brand":[],"product_cat":[21,25],"product_tag":[],"class_list":{"0":"post-1282","1":"product","2":"type-product","3":"status-publish","4":"has-post-thumbnail","6":"product_cat-absinth","7":"product_cat-miniaturen","9":"first","10":"instock","11":"taxable","12":"shipping-taxable","13":"purchasable","14":"product-type-simple"},"_links":{"self":[{"href":"https:\/\/www.saarwhisky.de\/index.php?rest_route=\/wp\/v2\/product\/1282","targetHints":{"allow":["GET"]}}],"collection":[{"href":"https:\/\/www.saarwhisky.de\/index.php?rest_route=\/wp\/v2\/product"}],"about":[{"href":"https:\/\/www.saarwhisky.de\/index.php?rest_route=\/wp\/v2\/types\/product"}],"replies":[{"embeddable":true,"href":"https:\/\/www.saarwhisky.de\/index.php?rest_route=%2Fwp%2Fv2%2Fcomments&post=1282"}],"wp:featuredmedia":[{"embeddable":true,"href":"https:\/\/www.saarwhisky.de\/index.php?rest_route=\/wp\/v2\/media\/1284"}],"wp:attachment":[{"href":"https:\/\/www.saarwhisky.de\/index.php?rest_route=%2Fwp%2Fv2%2Fmedia&parent=1282"}],"wp:term":[{"taxonomy":"product_brand","embeddable":true,"href":"https:\/\/www.saarwhisky.de\/index.php?rest_route=%2Fwp%2Fv2%2Fproduct_brand&post=1282"},{"taxonomy":"product_cat","embeddable":true,"href":"https:\/\/www.saarwhisky.de\/index.php?rest_route=%2Fwp%2Fv2%2Fproduct_cat&post=1282"},{"taxonomy":"product_tag","embeddable":true,"href":"https:\/\/www.saarwhisky.de\/index.php?rest_route=%2Fwp%2Fv2%2Fproduct_tag&post=1282"}],"curies":[{"name":"wp","href":"https:\/\/api.w.org\/{rel}","templated":true}]}}