{"id":1300,"date":"2018-10-30T10:57:38","date_gmt":"2018-10-30T09:57:38","guid":{"rendered":"https:\/\/www.saarwhisky.de\/?post_type=product&#038;p=1300"},"modified":"2025-05-15T10:42:19","modified_gmt":"2025-05-15T08:42:19","slug":"herr-der-froesche-absinth-05l","status":"publish","type":"product","link":"https:\/\/www.saarwhisky.de\/?product=herr-der-froesche-absinth-05l","title":{"rendered":"Herr der Fr\u00f6sche Absinth 0,5l"},"content":{"rendered":"<h5>Der Herr der Fr\u00f6sche<\/h5>\n<p>Im Brunnen tief\u00a0 auf seinem Thron,<br \/>\nIst durch das Wasser zu erkennen,<br \/>\nDer eine Frosch den alle schon<br \/>\nDen Herrn der Fr\u00f6sche nennen!<\/p>\n<p>Dieser Absinth wurde nach einer Originalrezeptur von 1870 aus dem Val de Travers, dem Ursprungsland des Absinths destilliert. Er wurde aufwendig von Hand mazeriert und anschlie\u00dfend destilliert. Danach wurde in einem zweiten Mazerationsverfahren mit einer hohen Anzahl verschiedener Kr\u00e4uter die sehr dichte Farbe und Geschmacksintensit\u00e4t erzeugt. Er hat eine sehr komplexe Aromadichte, die durch Anis, Fenchel und Wermutnoten gepr\u00e4gt ist. Sein langer Abgang offenbart fruchtige Noten von Rosinen und dunkler Schokolade.<\/p>\n","protected":false},"excerpt":{"rendered":"<div class=\"short_description\">\n<p>Absinth aus eigener Produktion<br \/>\nnach Original Rezeptur aus dem Val de Travers<br \/>\n2-Fach Mazeriert<br \/>\n0,5l<br \/>\n68,3%<\/p>\n<p>Ungefiltert und ohne Farbzus\u00e4tze<\/p>\n<p>Tiefgr\u00fcn und intensiv!<\/p>\n<\/div>\n","protected":false},"featured_media":1301,"comment_status":"open","ping_status":"closed","template":"","meta":[],"product_brand":[],"product_cat":[21],"product_tag":[],"class_list":{"0":"post-1300","1":"product","2":"type-product","3":"status-publish","4":"has-post-thumbnail","6":"product_cat-absinth","8":"first","9":"instock","10":"taxable","11":"shipping-taxable","12":"purchasable","13":"product-type-simple"},"_links":{"self":[{"href":"https:\/\/www.saarwhisky.de\/index.php?rest_route=\/wp\/v2\/product\/1300","targetHints":{"allow":["GET"]}}],"collection":[{"href":"https:\/\/www.saarwhisky.de\/index.php?rest_route=\/wp\/v2\/product"}],"about":[{"href":"https:\/\/www.saarwhisky.de\/index.php?rest_route=\/wp\/v2\/types\/product"}],"replies":[{"embeddable":true,"href":"https:\/\/www.saarwhisky.de\/index.php?rest_route=%2Fwp%2Fv2%2Fcomments&post=1300"}],"wp:featuredmedia":[{"embeddable":true,"href":"https:\/\/www.saarwhisky.de\/index.php?rest_route=\/wp\/v2\/media\/1301"}],"wp:attachment":[{"href":"https:\/\/www.saarwhisky.de\/index.php?rest_route=%2Fwp%2Fv2%2Fmedia&parent=1300"}],"wp:term":[{"taxonomy":"product_brand","embeddable":true,"href":"https:\/\/www.saarwhisky.de\/index.php?rest_route=%2Fwp%2Fv2%2Fproduct_brand&post=1300"},{"taxonomy":"product_cat","embeddable":true,"href":"https:\/\/www.saarwhisky.de\/index.php?rest_route=%2Fwp%2Fv2%2Fproduct_cat&post=1300"},{"taxonomy":"product_tag","embeddable":true,"href":"https:\/\/www.saarwhisky.de\/index.php?rest_route=%2Fwp%2Fv2%2Fproduct_tag&post=1300"}],"curies":[{"name":"wp","href":"https:\/\/api.w.org\/{rel}","templated":true}]}}