{"id":1316,"date":"2018-11-07T18:19:23","date_gmt":"2018-11-07T17:19:23","guid":{"rendered":"https:\/\/www.saarwhisky.de\/?product=fragment-roter-absinth-05l"},"modified":"2025-05-15T10:43:30","modified_gmt":"2025-05-15T08:43:30","slug":"fragment-roter-absinth-05l","status":"publish","type":"product","link":"https:\/\/www.saarwhisky.de\/?product=fragment-roter-absinth-05l","title":{"rendered":"Fragment roter Absinth 0,5l"},"content":{"rendered":"<p>Aufwendig mazeriert und anschlie\u00dfend destilliert.<\/p>\n<p>Danach wurde in einem zweiten Mazerationsverfahren mit einer hohen Anzahl verschiedener Kr\u00e4uter und Beeren die rote Farbe und Geschmacksintensit\u00e4t erzeugt.<\/p>\n<p>Rote Absinthe oder auch \u201cRouges\u201d\u00a0 genannt, durchbrechen das Bild eines normal Gr\u00fcnen Absinthes bewusst. Sie zeichnen sich durch ein weniger bitteres, daf\u00fcr mehr s\u00fc\u00dfes Geschmacksprofil aus.<\/p>\n<p>&nbsp;<\/p>\n","protected":false},"excerpt":{"rendered":"<div class=\"short_description\">\n<p>Absinth aus eigener Produktion<\/p>\n<p>2-Fach Mazeriert<br \/>\n0,5l<br \/>\n68,3%<\/p>\n<p>Ungefiltert und ohne Farbzus\u00e4tze<\/p>\n<p>Tiefrot und intensiv!<\/p>\n<\/div>\n","protected":false},"featured_media":1317,"comment_status":"open","ping_status":"closed","template":"","meta":[],"product_brand":[],"product_cat":[21,25],"product_tag":[],"class_list":{"0":"post-1316","1":"product","2":"type-product","3":"status-publish","4":"has-post-thumbnail","6":"product_cat-absinth","7":"product_cat-miniaturen","9":"first","10":"instock","11":"taxable","12":"shipping-taxable","13":"purchasable","14":"product-type-simple"},"_links":{"self":[{"href":"https:\/\/www.saarwhisky.de\/index.php?rest_route=\/wp\/v2\/product\/1316","targetHints":{"allow":["GET"]}}],"collection":[{"href":"https:\/\/www.saarwhisky.de\/index.php?rest_route=\/wp\/v2\/product"}],"about":[{"href":"https:\/\/www.saarwhisky.de\/index.php?rest_route=\/wp\/v2\/types\/product"}],"replies":[{"embeddable":true,"href":"https:\/\/www.saarwhisky.de\/index.php?rest_route=%2Fwp%2Fv2%2Fcomments&post=1316"}],"wp:featuredmedia":[{"embeddable":true,"href":"https:\/\/www.saarwhisky.de\/index.php?rest_route=\/wp\/v2\/media\/1317"}],"wp:attachment":[{"href":"https:\/\/www.saarwhisky.de\/index.php?rest_route=%2Fwp%2Fv2%2Fmedia&parent=1316"}],"wp:term":[{"taxonomy":"product_brand","embeddable":true,"href":"https:\/\/www.saarwhisky.de\/index.php?rest_route=%2Fwp%2Fv2%2Fproduct_brand&post=1316"},{"taxonomy":"product_cat","embeddable":true,"href":"https:\/\/www.saarwhisky.de\/index.php?rest_route=%2Fwp%2Fv2%2Fproduct_cat&post=1316"},{"taxonomy":"product_tag","embeddable":true,"href":"https:\/\/www.saarwhisky.de\/index.php?rest_route=%2Fwp%2Fv2%2Fproduct_tag&post=1316"}],"curies":[{"name":"wp","href":"https:\/\/api.w.org\/{rel}","templated":true}]}}