{"id":1318,"date":"2018-11-07T18:23:22","date_gmt":"2018-11-07T17:23:22","guid":{"rendered":"https:\/\/www.saarwhisky.de\/?product=fragment-roter-absinth"},"modified":"2018-12-04T19:33:21","modified_gmt":"2018-12-04T18:33:21","slug":"fragment-roter-absinth","status":"publish","type":"product","link":"https:\/\/www.saarwhisky.de\/?product=fragment-roter-absinth","title":{"rendered":"Fragment roter Absinth 5cl"},"content":{"rendered":"<p>Aufwendig mazeriert und anschlie\u00dfend destilliert.<\/p>\n<p>Danach wurde in einem zweiten Mazerationsverfahren mit einer hohen Anzahl verschiedener Kr\u00e4uter und Beeren die rote Farbe und Geschmacksintensit\u00e4t erzeugt.<\/p>\n<p>Rote Absinthe oder auch \u201cRouges\u201d genannt, durchbrechen das Bild eines normal Gr\u00fcnen Absinthes bewusst. Sie zeichnen sich durch ein weniger bitteres, daf\u00fcr mehr s\u00fc\u00dfes Geschmacksprofil aus.<\/p>\n","protected":false},"excerpt":{"rendered":"<div class=\"short_description\">\n<p>Absinth aus eigener Produktion<\/p>\n<p>2-Fach Mazeriert<br \/>\n5cl<br \/>\n68,3%<\/p>\n<p>Ungefiltert und ohne Farbzus\u00e4tze<\/p>\n<p>Tiefrot und intensiv!<\/p>\n<\/div>\n","protected":false},"featured_media":1319,"comment_status":"open","ping_status":"closed","template":"","meta":[],"product_brand":[],"product_cat":[40],"product_tag":[],"class_list":{"0":"post-1318","1":"product","2":"type-product","3":"status-publish","4":"has-post-thumbnail","6":"product_cat-unkategorisiert","8":"first","9":"instock","10":"taxable","11":"shipping-taxable","12":"purchasable","13":"product-type-simple"},"_links":{"self":[{"href":"https:\/\/www.saarwhisky.de\/index.php?rest_route=\/wp\/v2\/product\/1318","targetHints":{"allow":["GET"]}}],"collection":[{"href":"https:\/\/www.saarwhisky.de\/index.php?rest_route=\/wp\/v2\/product"}],"about":[{"href":"https:\/\/www.saarwhisky.de\/index.php?rest_route=\/wp\/v2\/types\/product"}],"replies":[{"embeddable":true,"href":"https:\/\/www.saarwhisky.de\/index.php?rest_route=%2Fwp%2Fv2%2Fcomments&post=1318"}],"wp:featuredmedia":[{"embeddable":true,"href":"https:\/\/www.saarwhisky.de\/index.php?rest_route=\/wp\/v2\/media\/1319"}],"wp:attachment":[{"href":"https:\/\/www.saarwhisky.de\/index.php?rest_route=%2Fwp%2Fv2%2Fmedia&parent=1318"}],"wp:term":[{"taxonomy":"product_brand","embeddable":true,"href":"https:\/\/www.saarwhisky.de\/index.php?rest_route=%2Fwp%2Fv2%2Fproduct_brand&post=1318"},{"taxonomy":"product_cat","embeddable":true,"href":"https:\/\/www.saarwhisky.de\/index.php?rest_route=%2Fwp%2Fv2%2Fproduct_cat&post=1318"},{"taxonomy":"product_tag","embeddable":true,"href":"https:\/\/www.saarwhisky.de\/index.php?rest_route=%2Fwp%2Fv2%2Fproduct_tag&post=1318"}],"curies":[{"name":"wp","href":"https:\/\/api.w.org\/{rel}","templated":true}]}}