{"id":1462,"date":"2019-02-20T13:09:40","date_gmt":"2019-02-20T12:09:40","guid":{"rendered":"https:\/\/www.saarwhisky.de\/?post_type=product&#038;p=1462"},"modified":"2025-05-14T14:33:27","modified_gmt":"2025-05-14T12:33:27","slug":"30-liter-fass-gefuellt-mit-saarwhisky-spirit","status":"publish","type":"product","link":"https:\/\/www.saarwhisky.de\/?product=30-liter-fass-gefuellt-mit-saarwhisky-spirit","title":{"rendered":"30 Liter Fass gef\u00fcllt mit SaarWhisky Spirit"},"content":{"rendered":"<p>Was gibt es f\u00fcr einen Whiskyfreund sch\u00f6neres als einen guten Whisky?<br \/>\nRichtig! Sein eigenes Whiskyfass zu besitzen!<\/p>\n<p>Ab sofort bieten wir unseren SaarWhisky Spirit aus eigener Produktion in 30 Liter F\u00e4ssern an.<\/p>\n<p>Diese F\u00e4sser sind Umbauten aus gro\u00dfen 200-Liter Ex-Bourbon Barrels aus amerikanischer Weiseiche.<br \/>\nDurch ihr kleines Volumen reift der Whisky in ihnen \u00fcberproportional schnell. Nach drei bis vier Jahren erh\u00e4lt man so bereits brauchbare Ergebnisse.<\/p>\n<p>Der Betrag wird im Voraus f\u00e4llig und erm\u00f6glicht\u00a0 es uns mit dem Brennen zu beginnen.<br \/>\nIm Gegenzug werden Sie exklusiver Besitzer Ihres eigenen Whiskyfasses.<\/p>\n<p>&nbsp;<\/p>\n<p>Mit inbegriffen im Kaufpreis sind:<\/p>\n<ul>\n<li>Abf\u00fcllen des Fassinhalts in 0,5l Flaschen<\/li>\n<li>Etikettierung der Flaschen<\/li>\n<li>Lagerung des Fasses<\/li>\n<li>Alkohol und Mehrwertsteuer<\/li>\n<li>Gravur des Fasses nach W\u00fcnschen des Fassbesitzers (individuelles Logo, Name, etc.)<\/li>\n<\/ul>\n<p><span style=\"color: #ff0000;\"><strong>Ein volles 30l Fass ergibt damit ca. 60 Flaschen a 0,5l. (+- 10%)<br \/>\n<\/strong><\/span><\/p>\n<p><span style=\"color: #ff0000;\"><strong>Preis pro Flasche ca. 33,33 \u20ac<br \/>\n<\/strong><\/span><\/p>\n<p>&nbsp;<\/p>\n<p><strong>Zwei Rezepturen<\/strong><\/p>\n<p>F\u00fcr unseren Single Malt Whisky Spirit verwenden wir zwei standardisierte Rezepturen:<\/p>\n<ol>\n<li>Whisky Spirit aus getorftem Malz (\u201epeated\u201c)<\/li>\n<li>Whisky Spirit aus ungetorftem Malz (\u201eunpeated\u201d)<\/li>\n<\/ol>\n<p>&nbsp;<\/p>\n<p><strong>Single Cask und Single Still Whisky<\/strong><\/p>\n<p>Das Volumen unserer 350 Liter Brennblase ist so konzipiert, dass nach einem Brennvorgang (Doppelbrennverfahren: Roh- und Feinbrand) genau ein 30 Liter Fass bef\u00fcllt werden kann.<\/p>\n<p>Damit sind wir eine der wenigen Brennereien, die neben Whisky aus nur einem einzigen Fass (\u201eSingle Cask\u201c) auch Whisky aus einem einzigen Destilliervorgang in einem einzigen Fass anbieten (\u201eSingle Still\u201c).<\/p>\n<p><a href=\"https:\/\/www.saarwhisky.de\/wp-content\/uploads\/2019\/02\/singlestill_shop.jpg\"><img loading=\"lazy\" decoding=\"async\" class=\"wp-image-1464 size-full alignnone\" src=\"https:\/\/www.saarwhisky.de\/wp-content\/uploads\/2019\/02\/singlestill_shop.jpg\" alt=\"\" width=\"1000\" height=\"514\" srcset=\"https:\/\/www.saarwhisky.de\/wp-content\/uploads\/2019\/02\/singlestill_shop.jpg 1000w, https:\/\/www.saarwhisky.de\/wp-content\/uploads\/2019\/02\/singlestill_shop-600x308.jpg 600w, https:\/\/www.saarwhisky.de\/wp-content\/uploads\/2019\/02\/singlestill_shop-300x154.jpg 300w, https:\/\/www.saarwhisky.de\/wp-content\/uploads\/2019\/02\/singlestill_shop-768x395.jpg 768w\" sizes=\"auto, (max-width: 1000px) 100vw, 1000px\" \/><\/a><\/p>\n<p>&nbsp;<\/p>\n<p><strong>Weitere Informationen zum Download:<\/strong><\/p>\n<p>Weitere Informationen k\u00f6nnen Sie unserer <a href=\"https:\/\/www.saarwhisky.de\/wp-content\/uploads\/2019\/02\/SaarWhisky_Spirit_-Zahlen_Daten_Fakten.pdf\">Informationsbrosch\u00fcre<\/a> und dem Bestellformular f\u00fcr <a href=\"https:\/\/www.saarwhisky.de\/wp-content\/uploads\/2019\/02\/Bestellformular_30liter_saarwhisky_spirit2.pdf\">Fassk\u00e4ufer inklusive AGB&#8217;s<\/a>\u00a0 entnehmen.<\/p>\n<p>&nbsp;<\/p>\n","protected":false},"excerpt":{"rendered":"<p>30 Liter Fass SaarWhisky Spirit<\/p>\n<p>Das Fass beeinhaltet einen Whiskyspirit aus eigener Herstellung. Dieser Spirit wird bei uns im Warehouse \u00fcber 3 Jahre gelagert und anschlie\u00dfend in 0,5l Flaschen gef\u00fcllt. Bei Bestellung eines Fasses erhalten Sie ein Fasszertifikat mit individueller Fassnummer. Nach drei Jahren werden Ihnen die abgef\u00fcllten Flaschen mit Ihrem eigenen Whisky zugesendet.<\/p>\n<p>Weitere Informationen entnehmen Sie bitte der Produktbeschreibung.<\/p>\n<p>Alternativ stehen unsere <a href=\"https:\/\/www.saarwhisky.de\/wp-content\/uploads\/2019\/02\/SaarWhisky_Spirit_-Zahlen_Daten_Fakten.pdf\">Informationsbrosch\u00fcre<\/a> und das Bestellformular f\u00fcr <a href=\"https:\/\/www.saarwhisky.de\/wp-content\/uploads\/2019\/02\/Bestellformular_30liter_saarwhisky_spirit2.pdf\">Fassk\u00e4ufer inklusive AGB&#8217;s<\/a>\u00a0 zum Download bereit.<\/p>\n","protected":false},"featured_media":1463,"comment_status":"open","ping_status":"closed","template":"","meta":[],"product_brand":[],"product_cat":[63,19],"product_tag":[],"class_list":{"0":"post-1462","1":"product","2":"type-product","3":"status-publish","4":"has-post-thumbnail","6":"product_cat-single_malt_whisky","7":"product_cat-whisky","9":"first","10":"instock","11":"taxable","12":"shipping-taxable","13":"purchasable","14":"product-type-simple"},"_links":{"self":[{"href":"https:\/\/www.saarwhisky.de\/index.php?rest_route=\/wp\/v2\/product\/1462","targetHints":{"allow":["GET"]}}],"collection":[{"href":"https:\/\/www.saarwhisky.de\/index.php?rest_route=\/wp\/v2\/product"}],"about":[{"href":"https:\/\/www.saarwhisky.de\/index.php?rest_route=\/wp\/v2\/types\/product"}],"replies":[{"embeddable":true,"href":"https:\/\/www.saarwhisky.de\/index.php?rest_route=%2Fwp%2Fv2%2Fcomments&post=1462"}],"wp:featuredmedia":[{"embeddable":true,"href":"https:\/\/www.saarwhisky.de\/index.php?rest_route=\/wp\/v2\/media\/1463"}],"wp:attachment":[{"href":"https:\/\/www.saarwhisky.de\/index.php?rest_route=%2Fwp%2Fv2%2Fmedia&parent=1462"}],"wp:term":[{"taxonomy":"product_brand","embeddable":true,"href":"https:\/\/www.saarwhisky.de\/index.php?rest_route=%2Fwp%2Fv2%2Fproduct_brand&post=1462"},{"taxonomy":"product_cat","embeddable":true,"href":"https:\/\/www.saarwhisky.de\/index.php?rest_route=%2Fwp%2Fv2%2Fproduct_cat&post=1462"},{"taxonomy":"product_tag","embeddable":true,"href":"https:\/\/www.saarwhisky.de\/index.php?rest_route=%2Fwp%2Fv2%2Fproduct_tag&post=1462"}],"curies":[{"name":"wp","href":"https:\/\/api.w.org\/{rel}","templated":true}]}}