{"id":1477,"date":"2019-02-28T11:55:58","date_gmt":"2019-02-28T10:55:58","guid":{"rendered":"https:\/\/www.saarwhisky.de\/?post_type=product&#038;p=1477"},"modified":"2025-05-14T14:31:13","modified_gmt":"2025-05-14T12:31:13","slug":"dibbelappes-dippeschnappes-05l","status":"publish","type":"product","link":"https:\/\/www.saarwhisky.de\/?product=dibbelappes-dippeschnappes-05l","title":{"rendered":"Dibbelabbes Dippeschnappes 0,5l"},"content":{"rendered":"<p>Oh Leck, das kann ma doch nit mache. Das geht doch nit. Man kann doch keh Schnaps aus Dibbelabbes mache!<\/p>\n<p><strong>Doch das geht!<br \/>\n<\/strong><strong>Wir haben es getan!<\/strong><\/p>\n<p>Dibbelabbes Dippeschnappes ist etwas v\u00f6llig Eigenes. \u00c4hnlich wie bei einem Gin werden bei der Produktion die Zutaten in Neutralalkohol mazeriert und daraus ein Geist gebrannt. Diese Zutaten sind beim Dibbelabbes Dippeschnappes eben die des Dibbelabbes, dem Nationalgericht des Saarlandes.<\/p>\n<p>Dibbelabbes Dippeschnappes ist ein Geist aus Kartoffeln, Lauch und R\u00e4ucherspeck. F\u00fcr das s\u00fc\u00df-w\u00fcrzige Finish sorgen frische \u00c4pfel und Liebst\u00f6ckel.<\/p>\n<p>&nbsp;<\/p>\n<p>&nbsp;<\/p>\n<p>&nbsp;<\/p>\n<p>&nbsp;<\/p>\n","protected":false},"excerpt":{"rendered":"<p>Fein gebrannter Geist aus \u00c4pfeln, Kartoffeln,<br \/>\nLiebst\u00f6ckel, Lauch und R\u00e4ucherspeck<\/p>\n<p>0,5l<br \/>\n46,3 %vol<\/p>\n<p>Von Hand mazeriert und anschlie\u00dfend destilliert.<\/p>\n<p><strong>Saarland pur !<\/strong><br \/>\nSchnaps mit Dibbelappes Geschmack, gebrannt aus den Zutaten des saarl\u00e4ndischen Nationalgerichtes!<\/p>\n","protected":false},"featured_media":1478,"comment_status":"closed","ping_status":"closed","template":"","meta":[],"product_brand":[],"product_cat":[23,65],"product_tag":[],"class_list":{"0":"post-1477","1":"product","2":"type-product","3":"status-publish","4":"has-post-thumbnail","6":"product_cat-geiste","7":"product_cat-saarland_spezial","9":"first","10":"instock","11":"taxable","12":"shipping-taxable","13":"purchasable","14":"product-type-simple"},"_links":{"self":[{"href":"https:\/\/www.saarwhisky.de\/index.php?rest_route=\/wp\/v2\/product\/1477","targetHints":{"allow":["GET"]}}],"collection":[{"href":"https:\/\/www.saarwhisky.de\/index.php?rest_route=\/wp\/v2\/product"}],"about":[{"href":"https:\/\/www.saarwhisky.de\/index.php?rest_route=\/wp\/v2\/types\/product"}],"replies":[{"embeddable":true,"href":"https:\/\/www.saarwhisky.de\/index.php?rest_route=%2Fwp%2Fv2%2Fcomments&post=1477"}],"wp:featuredmedia":[{"embeddable":true,"href":"https:\/\/www.saarwhisky.de\/index.php?rest_route=\/wp\/v2\/media\/1478"}],"wp:attachment":[{"href":"https:\/\/www.saarwhisky.de\/index.php?rest_route=%2Fwp%2Fv2%2Fmedia&parent=1477"}],"wp:term":[{"taxonomy":"product_brand","embeddable":true,"href":"https:\/\/www.saarwhisky.de\/index.php?rest_route=%2Fwp%2Fv2%2Fproduct_brand&post=1477"},{"taxonomy":"product_cat","embeddable":true,"href":"https:\/\/www.saarwhisky.de\/index.php?rest_route=%2Fwp%2Fv2%2Fproduct_cat&post=1477"},{"taxonomy":"product_tag","embeddable":true,"href":"https:\/\/www.saarwhisky.de\/index.php?rest_route=%2Fwp%2Fv2%2Fproduct_tag&post=1477"}],"curies":[{"name":"wp","href":"https:\/\/api.w.org\/{rel}","templated":true}]}}