{"id":1479,"date":"2019-02-28T10:25:30","date_gmt":"2019-02-28T09:25:30","guid":{"rendered":"https:\/\/www.saarwhisky.de\/?product=dibbelappes-dippeschnappes-5cl"},"modified":"2025-05-15T13:09:16","modified_gmt":"2025-05-15T11:09:16","slug":"dibbelappes-dippeschnappes-5cl","status":"publish","type":"product","link":"https:\/\/www.saarwhisky.de\/?product=dibbelappes-dippeschnappes-5cl","title":{"rendered":"Dibbelabbes Dippeschnappes 5cl"},"content":{"rendered":"<p>Oh Leck, das kann ma doch nit mache. Das geht doch nit. Man kann doch keh Schnaps aus Dibbelappes mache!<\/p>\n<p><strong>Doch das geht!<br \/>\n<\/strong><strong>Wir haben es getan!<\/strong><\/p>\n<p>Dibbelappes Dippeschnappes ist etwas v\u00f6llig eigenes. \u00c4hnlich wie bei einem Gin werden bei der Produktion die Zutaten in Neutralalkohol mazeriert und daraus ein Geist gebrannt. Diese Zutaten sind beim Dibbelappes Dippeschnappes eben die des Dibbelappes, dem Nationalgericht des Saarlandes.<\/p>\n<p>Dibbelappes Dippeschnappes ist ein Geist aus Kartoffeln, Lauch und R\u00e4ucherspeck. F\u00fcr das s\u00fc\u00df-w\u00fcrzige Finish sorgen frische \u00c4pfel und Liebst\u00f6ckel.<\/p>\n<p>&nbsp;<\/p>\n<p>&nbsp;<\/p>\n<p>&nbsp;<\/p>\n<p>&nbsp;<\/p>\n","protected":false},"excerpt":{"rendered":"<p>Fein gebrannter Geist aus \u00c4pfeln, Kartoffeln,<br \/>\nLiebst\u00f6ckel, Lauch und R\u00e4ucherspeck<\/p>\n<p>50 cl<br \/>\n46,3 %vol<\/p>\n<p>Von Hand mazeriert und anschlie\u00dfend destilliert.<\/p>\n<p><strong>Saarland pur !<\/strong><br \/>\nSchnaps mit Dibbelappes Geschmack, gebrannt aus den Zutaten des saarl\u00e4ndischen Nationalgerichtes!<\/p>\n<p><span style=\"color: #ff0000;\"><strong>Offizieller Verkaufsstart: 15.03.2019.<\/strong><\/span><br \/>\n<span style=\"color: #ff0000;\"><strong>Jetzt schon vorbestellen!<br \/>\n<\/strong><\/span><\/p>\n","protected":false},"featured_media":3053,"comment_status":"closed","ping_status":"closed","template":"","meta":[],"product_brand":[],"product_cat":[23,25,65],"product_tag":[],"class_list":{"0":"post-1479","1":"product","2":"type-product","3":"status-publish","4":"has-post-thumbnail","6":"product_cat-geiste","7":"product_cat-miniaturen","8":"product_cat-saarland_spezial","10":"first","11":"instock","12":"taxable","13":"shipping-taxable","14":"purchasable","15":"product-type-simple"},"_links":{"self":[{"href":"https:\/\/www.saarwhisky.de\/index.php?rest_route=\/wp\/v2\/product\/1479","targetHints":{"allow":["GET"]}}],"collection":[{"href":"https:\/\/www.saarwhisky.de\/index.php?rest_route=\/wp\/v2\/product"}],"about":[{"href":"https:\/\/www.saarwhisky.de\/index.php?rest_route=\/wp\/v2\/types\/product"}],"replies":[{"embeddable":true,"href":"https:\/\/www.saarwhisky.de\/index.php?rest_route=%2Fwp%2Fv2%2Fcomments&post=1479"}],"wp:featuredmedia":[{"embeddable":true,"href":"https:\/\/www.saarwhisky.de\/index.php?rest_route=\/wp\/v2\/media\/3053"}],"wp:attachment":[{"href":"https:\/\/www.saarwhisky.de\/index.php?rest_route=%2Fwp%2Fv2%2Fmedia&parent=1479"}],"wp:term":[{"taxonomy":"product_brand","embeddable":true,"href":"https:\/\/www.saarwhisky.de\/index.php?rest_route=%2Fwp%2Fv2%2Fproduct_brand&post=1479"},{"taxonomy":"product_cat","embeddable":true,"href":"https:\/\/www.saarwhisky.de\/index.php?rest_route=%2Fwp%2Fv2%2Fproduct_cat&post=1479"},{"taxonomy":"product_tag","embeddable":true,"href":"https:\/\/www.saarwhisky.de\/index.php?rest_route=%2Fwp%2Fv2%2Fproduct_tag&post=1479"}],"curies":[{"name":"wp","href":"https:\/\/api.w.org\/{rel}","templated":true}]}}