{"id":1828,"date":"2020-07-23T13:35:32","date_gmt":"2020-07-23T11:35:32","guid":{"rendered":"https:\/\/www.saarwhisky.de\/?post_type=product&#038;p=1828"},"modified":"2025-05-14T14:37:53","modified_gmt":"2025-05-14T12:37:53","slug":"fuerst-von-pastis","status":"publish","type":"product","link":"https:\/\/www.saarwhisky.de\/?product=fuerst-von-pastis","title":{"rendered":"F\u00fcrst von Pastis"},"content":{"rendered":"<p>Wilhelm Heinrich F\u00fcrst von Saarbr\u00fccken Nassau ein Reformer, der Saarbr\u00fccken im 18ten Jahrhundert ma\u00dfgeblich gestaltete, reformierte und zu Wohlstand f\u00fchrte. Bis heute lassen seine Bauten sein Verm\u00e4chtnis in den Herzen vieler Menschen weiterleben. Wilhelm Heinrich wurde am 24. Juli 1768 in mit einer Vielzahl an Kr\u00e4utern beigesetzt.<\/p>\n<p>Biologin und Forscherin Dr. Marlene Rosinski konnte diese bei der Exhumierung des Leichnahms bestimmen. Jahrzehnte sp\u00e4ter erkannte ihr<br \/>\nEnkel Matthias Rosinski, Destillateur bei SaarWhisky, in der Liste der Kr\u00e4uter ein Rezept f\u00fcr einen Pastis. Somit ist neben dem historischen Kontext von F\u00fcrst Wilhelm auch die Herstellung des Pastis eine generationen\u00fcbergreifende.<\/p>\n<p>\u00bbF\u00fcrst von Pastis\u00ab enth\u00e4lt die Kr\u00e4uter, die als Grabbeigabe bei der Bestattung von F\u00fcrst Wilhlem Heinrich von Nassau-Saarbr\u00fccken verwendet wurden.<\/p>\n<p>&nbsp;<\/p>\n<p>Mehr Informationen gibt es auf der eigens eingerichteten <a href=\"https:\/\/fuerst-von-pastis.de\" target=\"_blank\" rel=\"noopener\">Informationsseite<\/a><\/p>\n<p>&nbsp;<\/p>\n<p>&nbsp;<\/p>\n","protected":false},"excerpt":{"rendered":"<p>Handgefertigter Premium-Pastis<\/p>\n<p>46,3%vol<\/p>\n<p>0,5l<\/p>\n<p>2- Fach mazeriert und destilliert<\/p>\n<p>Ein sehr komplexer und doch weicher Pastis mit subtilen Noten von Anis, Fenchen, S\u00fc\u00dfholz, Loorbeer, Lavendel, Melisse, Minze, Oregano, Rosmarin, Salbei, Thymian und Rosenbl\u00fcten<\/p>\n<p>Das Rezept des Pastis orientiert sich an den Pflanzen, die als Grabbeigabe bei der Bestattung von F\u00fcrst Wilhlem Heinrich von Nassau-Saarbr\u00fccken verwendet wurden. Mehr Informationen dar\u00fcber gibt es in der Produktbeschreibung<\/p>\n","protected":false},"featured_media":1829,"comment_status":"open","ping_status":"closed","template":"","meta":[],"product_brand":[],"product_cat":[22,65],"product_tag":[],"class_list":{"0":"post-1828","1":"product","2":"type-product","3":"status-publish","4":"has-post-thumbnail","6":"product_cat-pastis","7":"product_cat-saarland_spezial","9":"first","10":"instock","11":"taxable","12":"shipping-taxable","13":"purchasable","14":"product-type-simple"},"_links":{"self":[{"href":"https:\/\/www.saarwhisky.de\/index.php?rest_route=\/wp\/v2\/product\/1828","targetHints":{"allow":["GET"]}}],"collection":[{"href":"https:\/\/www.saarwhisky.de\/index.php?rest_route=\/wp\/v2\/product"}],"about":[{"href":"https:\/\/www.saarwhisky.de\/index.php?rest_route=\/wp\/v2\/types\/product"}],"replies":[{"embeddable":true,"href":"https:\/\/www.saarwhisky.de\/index.php?rest_route=%2Fwp%2Fv2%2Fcomments&post=1828"}],"wp:featuredmedia":[{"embeddable":true,"href":"https:\/\/www.saarwhisky.de\/index.php?rest_route=\/wp\/v2\/media\/1829"}],"wp:attachment":[{"href":"https:\/\/www.saarwhisky.de\/index.php?rest_route=%2Fwp%2Fv2%2Fmedia&parent=1828"}],"wp:term":[{"taxonomy":"product_brand","embeddable":true,"href":"https:\/\/www.saarwhisky.de\/index.php?rest_route=%2Fwp%2Fv2%2Fproduct_brand&post=1828"},{"taxonomy":"product_cat","embeddable":true,"href":"https:\/\/www.saarwhisky.de\/index.php?rest_route=%2Fwp%2Fv2%2Fproduct_cat&post=1828"},{"taxonomy":"product_tag","embeddable":true,"href":"https:\/\/www.saarwhisky.de\/index.php?rest_route=%2Fwp%2Fv2%2Fproduct_tag&post=1828"}],"curies":[{"name":"wp","href":"https:\/\/api.w.org\/{rel}","templated":true}]}}