{"id":1990,"date":"2021-01-20T19:09:43","date_gmt":"2021-01-20T18:09:43","guid":{"rendered":"https:\/\/www.saarwhisky.de\/?product=n10-sample-5-cl"},"modified":"2025-05-15T09:54:32","modified_gmt":"2025-05-15T07:54:32","slug":"n10-sample-5-cl","status":"publish","type":"product","link":"https:\/\/www.saarwhisky.de\/?product=n10-sample-5-cl","title":{"rendered":"SaarWhisky&#8217;s N\u00b011 Sample 5cl<br><p style=\"font-size:20px; font-weight: bold; color: #6b8e23;\">Craigellachie 14y.o.<\/p>"},"content":{"rendered":"<p><strong>Daten zum Whisky:<\/strong><\/p>\n<p>N\u00b011 setzt unsere beliebte Serie<span class=\"d2edcug0 hpfvmrgz qv66sw1b c1et5uql rrkovp55 a8c37x1j keod5gw0 nxhoafnm aigsh9s9 d3f4x2em fe6kdd0r mau55g9w c8b282yb iv3no6db jq4qci2q a3bd9o3v knj5qynh oo9gr5id hzawbc8m\" dir=\"auto\"> mit keltischer Bildsymbolik fort.<br \/>\nHierf\u00fcr haben wir ein Fass der Speyside Brennerei Craigellachie abgef\u00fcllt.<\/span><\/p>\n<p>Es handelt sich um ein <strong>Ex-Bourbon Barrel,<\/strong> in dem der Whisky von 2010<strong> bis 2024 reifte<\/strong>. 214 x 0,7l Flaschen konnten aus dem Fass gewonnen werden, die in <strong>Fassst\u00e4rke<\/strong> und <strong>ohne K\u00fchlfiltration<\/strong> abgef\u00fcllt wurden.<\/p>\n<p>&nbsp;<\/p>\n<p><strong>Tasting Notes<\/strong><\/p>\n<p>N\u00b011 vereint ein hohes Spektrum an Fruchtnoten, darunter:<\/p>\n<ul>\n<li>Apfel<\/li>\n<li>Birne<\/li>\n<li>Pflaume<\/li>\n<li>Quitte<\/li>\n<li>Pfirsisch<\/li>\n<li>Kirsche<\/li>\n<li>Mirabelle<\/li>\n<li>Runder, langer Abgang<\/li>\n<\/ul>\n<p>&nbsp;<\/p>\n<p><strong>Zur Bedeutung des Etikettes:<\/strong><\/p>\n<p>Seit Jahrtausenden gilt der Lebensbaum als das Symbol, welchem die keltische Mythologie die gr\u00f6\u00dfte Bedeutung zumisst.<br \/>\nVon den Wurzeln beginnend, die in den Stamm \u00fcbergehen und mit der Krone eine Einheit bilden, gilt er als figuratives Bindeglied zwischen Himmel und Erde.<br \/>\nDar\u00fcber hinaus dient der Baum als Metapher f\u00fcr den Kreislauf aus Leben, Tod und Wiedergeburt, die sich gem\u00e4\u00df der keltischen Mystik in einer nicht endenden Spirale gegenseitig bedingen.<\/p>\n<p>Dieses Sinnbild von Ausgleich und Harmonie tr\u00e4gt auch unsere neueste Fassabf\u00fcllung in sich, die eine hohe Komplexit\u00e4t an floralen und fruchtigen Facetten zusammen bringt.<\/p>\n","protected":false},"excerpt":{"rendered":"<p>Single Malt Whisky<br \/>\nDistilled at Craigellachie<br \/>\nSingle Cask | Cask Strength<br \/>\nBourbon Cask<br \/>\n0,7l<br \/>\n52,8%vol<\/p>\n<p><strong>14 Jahre alt<\/strong><\/p>\n<p>Distilled <strong>14.02.2008<\/strong> | Bottled <strong>11.11.2020<\/strong><br \/>\nUnchillfiltered | No Colour Added<\/p>\n<p>Eine Harmonie aus weichen Fruchtanteilen, vollendet durch ein Meer an floraler F\u00fclle.<\/p>\n<p>&nbsp;<\/p>\n<p>&nbsp;<\/p>\n<p>&nbsp;<\/p>\n","protected":false},"featured_media":1991,"comment_status":"open","ping_status":"closed","template":"","meta":[],"product_brand":[],"product_cat":[62,25,19],"product_tag":[],"class_list":{"0":"post-1990","1":"product","2":"type-product","3":"status-publish","4":"has-post-thumbnail","6":"product_cat-exklusive_single_cask_bottlings","7":"product_cat-miniaturen","8":"product_cat-whisky","10":"first","11":"instock","12":"taxable","13":"shipping-taxable","14":"purchasable","15":"product-type-simple"},"_links":{"self":[{"href":"https:\/\/www.saarwhisky.de\/index.php?rest_route=\/wp\/v2\/product\/1990","targetHints":{"allow":["GET"]}}],"collection":[{"href":"https:\/\/www.saarwhisky.de\/index.php?rest_route=\/wp\/v2\/product"}],"about":[{"href":"https:\/\/www.saarwhisky.de\/index.php?rest_route=\/wp\/v2\/types\/product"}],"replies":[{"embeddable":true,"href":"https:\/\/www.saarwhisky.de\/index.php?rest_route=%2Fwp%2Fv2%2Fcomments&post=1990"}],"wp:featuredmedia":[{"embeddable":true,"href":"https:\/\/www.saarwhisky.de\/index.php?rest_route=\/wp\/v2\/media\/1991"}],"wp:attachment":[{"href":"https:\/\/www.saarwhisky.de\/index.php?rest_route=%2Fwp%2Fv2%2Fmedia&parent=1990"}],"wp:term":[{"taxonomy":"product_brand","embeddable":true,"href":"https:\/\/www.saarwhisky.de\/index.php?rest_route=%2Fwp%2Fv2%2Fproduct_brand&post=1990"},{"taxonomy":"product_cat","embeddable":true,"href":"https:\/\/www.saarwhisky.de\/index.php?rest_route=%2Fwp%2Fv2%2Fproduct_cat&post=1990"},{"taxonomy":"product_tag","embeddable":true,"href":"https:\/\/www.saarwhisky.de\/index.php?rest_route=%2Fwp%2Fv2%2Fproduct_tag&post=1990"}],"curies":[{"name":"wp","href":"https:\/\/api.w.org\/{rel}","templated":true}]}}