{"id":2076,"date":"2021-05-11T17:50:58","date_gmt":"2021-05-11T15:50:58","guid":{"rendered":"https:\/\/www.saarwhisky.de\/?post_type=product&#038;p=2076"},"modified":"2025-05-14T15:53:08","modified_gmt":"2025-05-14T13:53:08","slug":"schwenkermann-uebersee-rum-geschenkbox-single-cask-rum-im-laphroaigfass-gereift","status":"publish","type":"product","link":"https:\/\/www.saarwhisky.de\/?product=schwenkermann-uebersee-rum-geschenkbox-single-cask-rum-im-laphroaigfass-gereift","title":{"rendered":"Schwenkermann \u00dcbersee Rum Geschenkbox <br> <p style=\"font-size: 22px\"> &#8211; Single Cask Rum im Laphroaigfass gereift-<\/p>"},"content":{"rendered":"<p>Unsere neueste Single Cask Rumabf\u00fcllung &#8222;Schwenkermann&#8220; ist eine ganz besondere Kombination aus weichen Fruchtnoten und schweren Rauch- und Fassaromen. Erreicht wurde dies durch die Jahrelange Reifung eines fruchtigen Dominikanischen Rums in einem ex-Laphroaigfass. Der Rauchige Whisky, der in diesem Fass zuvor eingelagert wurde hat seine W\u00fcrze auch an den Rum abgegeben.<\/p>\n<p>Das Ergebsnis ist hochinteressant! Weiche Noten von Rosinen,\u00a0 trockenen Fr\u00fcchten und mildem Kaffee geben sich mit dezenten Torfaromen die Hand. Schwenkermann wurde nicht k\u00fchlfiltriert und wurde mit 53,8% Alkoholst\u00e4rke abgef\u00fcllt.<\/p>\n<p>Ein Rum, der auch dem Whiskytrinker schmeckt!<\/p>\n","protected":false},"excerpt":{"rendered":"<p>Schwenkermann Single Cask Rum<\/p>\n<p><em><strong>In inem ex-Laphroaigfass gereift<\/strong><\/em><\/p>\n<p>53,8%vol<br \/>\n0,5l<br \/>\nSingle Cask Rum<br \/>\nDominikanische Republik<\/p>\n<p>Destilliert: 2007<\/p>\n<p>Abgef\u00fcllt: 22.03.2021<\/p>\n<p>Geschenkset mit 2 SaarWhisky Degustationsgl\u00e4sern und schwarzer Box.<\/p>\n","protected":false},"featured_media":2077,"comment_status":"open","ping_status":"closed","template":"","meta":[],"product_brand":[],"product_cat":[24,28],"product_tag":[55,56,57],"class_list":{"0":"post-2076","1":"product","2":"type-product","3":"status-publish","4":"has-post-thumbnail","6":"product_cat-geschenkideen","7":"product_cat-rum","8":"product_tag-rum","9":"product_tag-schwenkermann","10":"product_tag-single-cask","12":"first","13":"instock","14":"taxable","15":"shipping-taxable","16":"purchasable","17":"product-type-simple"},"_links":{"self":[{"href":"https:\/\/www.saarwhisky.de\/index.php?rest_route=\/wp\/v2\/product\/2076","targetHints":{"allow":["GET"]}}],"collection":[{"href":"https:\/\/www.saarwhisky.de\/index.php?rest_route=\/wp\/v2\/product"}],"about":[{"href":"https:\/\/www.saarwhisky.de\/index.php?rest_route=\/wp\/v2\/types\/product"}],"replies":[{"embeddable":true,"href":"https:\/\/www.saarwhisky.de\/index.php?rest_route=%2Fwp%2Fv2%2Fcomments&post=2076"}],"wp:featuredmedia":[{"embeddable":true,"href":"https:\/\/www.saarwhisky.de\/index.php?rest_route=\/wp\/v2\/media\/2077"}],"wp:attachment":[{"href":"https:\/\/www.saarwhisky.de\/index.php?rest_route=%2Fwp%2Fv2%2Fmedia&parent=2076"}],"wp:term":[{"taxonomy":"product_brand","embeddable":true,"href":"https:\/\/www.saarwhisky.de\/index.php?rest_route=%2Fwp%2Fv2%2Fproduct_brand&post=2076"},{"taxonomy":"product_cat","embeddable":true,"href":"https:\/\/www.saarwhisky.de\/index.php?rest_route=%2Fwp%2Fv2%2Fproduct_cat&post=2076"},{"taxonomy":"product_tag","embeddable":true,"href":"https:\/\/www.saarwhisky.de\/index.php?rest_route=%2Fwp%2Fv2%2Fproduct_tag&post=2076"}],"curies":[{"name":"wp","href":"https:\/\/api.w.org\/{rel}","templated":true}]}}