{"id":2184,"date":"2021-09-16T17:58:25","date_gmt":"2021-09-16T15:58:25","guid":{"rendered":"https:\/\/www.saarwhisky.de\/?post_type=product&#038;p=2184"},"modified":"2021-09-16T18:56:25","modified_gmt":"2021-09-16T16:56:25","slug":"cthulhu-absinth-05l","status":"publish","type":"product","link":"https:\/\/www.saarwhisky.de\/?product=cthulhu-absinth-05l","title":{"rendered":"Cthulhu  Absinth 0,5l"},"content":{"rendered":"<p>Cthulhu\u00a0 Absinth<\/p>\n<p>Endlich, nach 3 monatiger Entwicklungszeit, unz\u00e4hligen Versuchen konzentrierter Rezeptentwicklung ist es uns gelungen einen Absinth zu erschaffen, der es w\u00fcrdig ist, Cthulhu, einen der gro\u00dfen Alten aus H.P. Lovecrafts Fantasyepos, zu huldigen.<\/p>\n<p>Cthulhu ist ein handgefertigter Spitzenabsinth, der aus zwei Phasen besteht, die jeweils eigens destilliert und anschlie\u00dfend zu einem gro\u00dfen Ganzen verm\u00e4hlt wurden.<\/p>\n<p>Cthulhu Absinth beeinhaltet einerseits traditionelle Zutaten des Absinthes, wie zwei verschiedene Sorten an Wermut, Fenchel und Anis. Daneben erg\u00e4nzen ausgefallene, orientalische Kr\u00e4uter, wie Kardamom und Koriander sein au\u00dfergew\u00f6hnlich s\u00fc\u00df-herbes Geschmacksprofil.<\/p>\n<p>Abgerundet wurd die Sensorische Erscheinung durch eine zweite Mazeration mit Brombeeren und Wermuth, was die intensiv blaugr\u00fcne F\u00e4rbung erzeugt.<\/p>\n","protected":false},"excerpt":{"rendered":"<p>2-Fach destillierter Handgefertigter Spitzenabsinth<\/p>\n<p>2-Fach mazeriert<\/p>\n<p>68,3 %vol<\/p>\n<p>0,5l<\/p>\n","protected":false},"featured_media":2185,"comment_status":"closed","ping_status":"closed","template":"","meta":[],"product_brand":[],"product_cat":[21],"product_tag":[],"class_list":{"0":"post-2184","1":"product","2":"type-product","3":"status-publish","4":"has-post-thumbnail","6":"product_cat-absinth","8":"first","9":"instock","10":"sale","11":"taxable","12":"shipping-taxable","13":"purchasable","14":"product-type-simple"},"_links":{"self":[{"href":"https:\/\/www.saarwhisky.de\/index.php?rest_route=\/wp\/v2\/product\/2184","targetHints":{"allow":["GET"]}}],"collection":[{"href":"https:\/\/www.saarwhisky.de\/index.php?rest_route=\/wp\/v2\/product"}],"about":[{"href":"https:\/\/www.saarwhisky.de\/index.php?rest_route=\/wp\/v2\/types\/product"}],"replies":[{"embeddable":true,"href":"https:\/\/www.saarwhisky.de\/index.php?rest_route=%2Fwp%2Fv2%2Fcomments&post=2184"}],"wp:featuredmedia":[{"embeddable":true,"href":"https:\/\/www.saarwhisky.de\/index.php?rest_route=\/wp\/v2\/media\/2185"}],"wp:attachment":[{"href":"https:\/\/www.saarwhisky.de\/index.php?rest_route=%2Fwp%2Fv2%2Fmedia&parent=2184"}],"wp:term":[{"taxonomy":"product_brand","embeddable":true,"href":"https:\/\/www.saarwhisky.de\/index.php?rest_route=%2Fwp%2Fv2%2Fproduct_brand&post=2184"},{"taxonomy":"product_cat","embeddable":true,"href":"https:\/\/www.saarwhisky.de\/index.php?rest_route=%2Fwp%2Fv2%2Fproduct_cat&post=2184"},{"taxonomy":"product_tag","embeddable":true,"href":"https:\/\/www.saarwhisky.de\/index.php?rest_route=%2Fwp%2Fv2%2Fproduct_tag&post=2184"}],"curies":[{"name":"wp","href":"https:\/\/api.w.org\/{rel}","templated":true}]}}