{"id":2874,"date":"2024-09-05T12:45:08","date_gmt":"2024-09-05T10:45:08","guid":{"rendered":"https:\/\/www.saarwhisky.de\/?post_type=product&#038;p=2874"},"modified":"2025-05-14T14:20:22","modified_gmt":"2025-05-14T12:20:22","slug":"gruwehewwel-sherry-5cl","status":"publish","type":"product","link":"https:\/\/www.saarwhisky.de\/?product=gruwehewwel-sherry-5cl","title":{"rendered":"Gruwehewwel Sherry 5cl"},"content":{"rendered":"<p>Egal ob als Geschenk oder zum selber Genie\u00dfen.<\/p>\n<p>Auch in der 5cl Probierflasche mundet der Gruwehewwel.<\/p>\n<p>&nbsp;<\/p>\n<h4>Mit gro\u00dfer Sorgfalt<\/h4>\n<p>w\u00e4hlen und reifen wir die Single Malt Whiskys f\u00fcr unsere mehrfach ausgezeichnete Gruwehewwel-Reihe.<\/p>\n<p>Diesmal haben wir etwas ganz besonderes erschaffen: Den ersten Gruwehewwel, der in einem Ximen\u00e9z Spinola Fass vollendet wurde.<\/p>\n<p>Das Fass war zuvor Teil einer Sherry-Solera, die 1918 ihren Anfang nahm.<\/p>\n<p>Anschlie\u00dfend reiften wir unseren <a href=\"https:\/\/www.saarwhisky.de\/?product=saarwhiskys-irish-7-px-spinola-70cl\">\u201eIrish 7<\/a>\u201c darin. Nach Abf\u00fcllung des selbigen bef\u00fcllten wir das nunmehr leere Fass mit einem bereits seit 2013 im ex-Bourbonfass gereiften Single Malts von der Insel Islay.<\/p>\n<p>Das Ergebnis ist ein atemberaubender Single Cask Whisky mit mittelschweren Rauchnoten und komplex-s\u00fc\u00dfen Sherrynoten, die perfekt eingebunden sind.<\/p>\n<p>&nbsp;<\/p>\n<h4>Namensherkunft<\/h4>\n<p>\u201eGruwehewwel\u201c ist eine Bezeichnung aus dem saarl\u00e4ndischen Dialekt f\u00fcr \u201eBergarbeiter\u201c<\/p>\n<p>Der Bergbau ist im Saarland seit der Keltenzeit um 450 v. Chr. durch arch\u00e4ologische Funde und seit dem 15ten Jahrhundert schriftlich belegt.<br \/>\nAus dieser Zeit stammen auch die ersten schriftlichen Nachweise f\u00fcr die Herstellung des keltischen Getreidedestillates \u201cuisge beatha\u201d, was so viel wie \u201cWasser des Lebens\u201d bedeutet.<br \/>\nDurch fortw\u00e4hrende Verbesserung der Brennprozesse entwickelte sich daraus der heutige Whisky.<\/p>\n<p>Whisky und Bergbau erg\u00e4nzen sich wunderbar, denn:<\/p>\n<p>\u201cGruwehewwel\u201d wurden fr\u00fcher die Bergleute im Saarland genannt und die hatten ganz sch\u00f6n zu tun.<br \/>\n12 Stunden Schichten waren da keine Seltenheit.<br \/>\nDa h\u00e4tte ein sch\u00f6ner Schluck SaarWhisky sicherlich gut getan.<\/p>\n<p>&nbsp;<\/p>\n<h4>Tasting Notes<\/h4>\n<ul>\n<li>Rauch<\/li>\n<li>Phenole<\/li>\n<li>Vanille<\/li>\n<li>Vollmundig rund<\/li>\n<li>S\u00fc\u00dfe Sherrynoten<\/li>\n<li>Honig<\/li>\n<li>Rosinen<\/li>\n<\/ul>\n<p>&nbsp;<\/p>\n<h4>Auszeichnungen<\/h4>\n<p>F\u00fcr unsere Gruwehewwel-Reihe mit nunmehr 7 Editionen haben wir eine Reihe von Auszeichnungen erhalten<\/p>\n<ol>\n<li>Liquid Gold Award mit<strong> 96,5 von 100 Punkten in Jim Murray\u2019s Whisky Bible 2016. <\/strong><\/li>\n<li><strong>Wahl zum besten Single Malt (Single Cask) der Welt unter den 10-j\u00e4hrigen<\/strong> in <strong>Jim Murray\u2019s Whisky Bible 2016.<\/strong><\/li>\n<li>Liquid Gold Award mit\u00a0 <strong>96,0 von 100 Punkten in Jim Murray\u2019s Whisky Bible 2018<\/strong><\/li>\n<\/ol>\n","protected":false},"excerpt":{"rendered":"<p>Single Malt Whisky<br \/>\nDistilled at Islay<\/p>\n<p>Single Cask | Cask Strength<\/p>\n<p>2013-2023: Bourbon Cask<br \/>\n2023-2024: Ximen\u00e9z Spinola PX Sherry Cask<\/p>\n<p>70cl<br \/>\n54,2 %vol<\/p>\n<div class=\"short_description\">\n<div class=\"short_description\">\n<p><strong>10 Jahre alt<\/strong><\/p>\n<\/div>\n<\/div>\n<p>Mittelschwere Rauchnoten, wie sie f\u00fcr Islay Whiskys typisch sind, werden umrahmt von komplex-s\u00fc\u00dfen Sherrynoten.<\/p>\n<p><strong>Ein Meisterwerk!<\/strong><\/p>\n<p>| Bottled 16.11.2021<\/p>\n<div class=\"short_description\">\n<div class=\"short_description\">\n<p>Unchillfiltered | No Colour Added<\/p>\n<\/div>\n<\/div>\n<p>Der Torfigste und kr\u00e4ftigste Gruwehewwel, den wir je hatten!<\/p>\n<p>&nbsp;<\/p>\n","protected":false},"featured_media":2877,"comment_status":"open","ping_status":"closed","template":"","meta":[],"product_brand":[],"product_cat":[62,25,19],"product_tag":[],"class_list":{"0":"post-2874","1":"product","2":"type-product","3":"status-publish","4":"has-post-thumbnail","6":"product_cat-exklusive_single_cask_bottlings","7":"product_cat-miniaturen","8":"product_cat-whisky","10":"first","11":"instock","12":"taxable","13":"shipping-taxable","14":"purchasable","15":"product-type-simple"},"_links":{"self":[{"href":"https:\/\/www.saarwhisky.de\/index.php?rest_route=\/wp\/v2\/product\/2874","targetHints":{"allow":["GET"]}}],"collection":[{"href":"https:\/\/www.saarwhisky.de\/index.php?rest_route=\/wp\/v2\/product"}],"about":[{"href":"https:\/\/www.saarwhisky.de\/index.php?rest_route=\/wp\/v2\/types\/product"}],"replies":[{"embeddable":true,"href":"https:\/\/www.saarwhisky.de\/index.php?rest_route=%2Fwp%2Fv2%2Fcomments&post=2874"}],"wp:featuredmedia":[{"embeddable":true,"href":"https:\/\/www.saarwhisky.de\/index.php?rest_route=\/wp\/v2\/media\/2877"}],"wp:attachment":[{"href":"https:\/\/www.saarwhisky.de\/index.php?rest_route=%2Fwp%2Fv2%2Fmedia&parent=2874"}],"wp:term":[{"taxonomy":"product_brand","embeddable":true,"href":"https:\/\/www.saarwhisky.de\/index.php?rest_route=%2Fwp%2Fv2%2Fproduct_brand&post=2874"},{"taxonomy":"product_cat","embeddable":true,"href":"https:\/\/www.saarwhisky.de\/index.php?rest_route=%2Fwp%2Fv2%2Fproduct_cat&post=2874"},{"taxonomy":"product_tag","embeddable":true,"href":"https:\/\/www.saarwhisky.de\/index.php?rest_route=%2Fwp%2Fv2%2Fproduct_tag&post=2874"}],"curies":[{"name":"wp","href":"https:\/\/api.w.org\/{rel}","templated":true}]}}