{"id":2916,"date":"2024-11-09T13:42:06","date_gmt":"2024-11-09T12:42:06","guid":{"rendered":"https:\/\/www.saarwhisky.de\/?post_type=product&#038;p=2916"},"modified":"2024-11-09T14:04:34","modified_gmt":"2024-11-09T13:04:34","slug":"saarkristall-anisee-07l","status":"publish","type":"product","link":"https:\/\/www.saarwhisky.de\/?product=saarkristall-anisee-07l","title":{"rendered":"SaarKristall Anis\u00e9e 0,7l"},"content":{"rendered":"<p>SaarKristall ist eines der ersten Rezepturen, welche Master Destiller Christoph Rosinski 2018 entwickelt hat.<\/p>\n<p>Im Gegensatz zu vielen Pastissorten ist SaarKristall eine der wenigen, die nach der Mazeration mit Anis und Sternanis noch einmal destilliert werden.<\/p>\n<p>Die erneute Destillation l\u00e4sst das Anise\u00e9\u00a0 sehr rund und weich wirken, mit einem s\u00fc\u00dflichen Unterton. Gleichzeitig gibt es den Anis und Sternanisnoten genug Raum um sich voll zu entfalten.<\/p>\n<p>Bei Zugabe von Wasser f\u00e4rbt sich das zuvor durchsichtige SaarKristall milchig wei\u00df.<\/p>\n<p>Dieser &#8222;Louche Effekt&#8220; ist durch den hohen Anteil an Anis\u00f6l (Anethol) bedingt, welches bei Zugabe von Wasser sichtbar wird.<\/p>\n<p>&nbsp;<\/p>\n<p>&nbsp;<\/p>\n","protected":false},"excerpt":{"rendered":"<div class=\"short_description\">\n<p>Handgefertigtes Premiumanis\u00e9e<br \/>\n(destillierter Pastis)<\/p>\n<p>aus eigener Herstellung<\/p>\n<p>1-Fach mazeriert &amp;<br \/>\nschonend destilliert<\/p>\n<p>46,3%vol<\/p>\n<p>0,7l<\/p>\n<p>Nicht k\u00fchlgefiltert, s\u00fc\u00dflich und klar!<\/p>\n<p>&nbsp;<\/p>\n<\/div>\n","protected":false},"featured_media":2917,"comment_status":"open","ping_status":"closed","template":"","meta":[],"product_brand":[],"product_cat":[22],"product_tag":[],"class_list":{"0":"post-2916","1":"product","2":"type-product","3":"status-publish","4":"has-post-thumbnail","6":"product_cat-pastis","8":"first","9":"instock","10":"taxable","11":"shipping-taxable","12":"purchasable","13":"product-type-simple"},"_links":{"self":[{"href":"https:\/\/www.saarwhisky.de\/index.php?rest_route=\/wp\/v2\/product\/2916","targetHints":{"allow":["GET"]}}],"collection":[{"href":"https:\/\/www.saarwhisky.de\/index.php?rest_route=\/wp\/v2\/product"}],"about":[{"href":"https:\/\/www.saarwhisky.de\/index.php?rest_route=\/wp\/v2\/types\/product"}],"replies":[{"embeddable":true,"href":"https:\/\/www.saarwhisky.de\/index.php?rest_route=%2Fwp%2Fv2%2Fcomments&post=2916"}],"wp:featuredmedia":[{"embeddable":true,"href":"https:\/\/www.saarwhisky.de\/index.php?rest_route=\/wp\/v2\/media\/2917"}],"wp:attachment":[{"href":"https:\/\/www.saarwhisky.de\/index.php?rest_route=%2Fwp%2Fv2%2Fmedia&parent=2916"}],"wp:term":[{"taxonomy":"product_brand","embeddable":true,"href":"https:\/\/www.saarwhisky.de\/index.php?rest_route=%2Fwp%2Fv2%2Fproduct_brand&post=2916"},{"taxonomy":"product_cat","embeddable":true,"href":"https:\/\/www.saarwhisky.de\/index.php?rest_route=%2Fwp%2Fv2%2Fproduct_cat&post=2916"},{"taxonomy":"product_tag","embeddable":true,"href":"https:\/\/www.saarwhisky.de\/index.php?rest_route=%2Fwp%2Fv2%2Fproduct_tag&post=2916"}],"curies":[{"name":"wp","href":"https:\/\/api.w.org\/{rel}","templated":true}]}}