{"id":2984,"date":"2025-04-01T15:41:58","date_gmt":"2025-04-01T13:41:58","guid":{"rendered":"https:\/\/www.saarwhisky.de\/?post_type=product&#038;p=2984"},"modified":"2025-05-14T14:51:32","modified_gmt":"2025-05-14T12:51:32","slug":"the-single-still-whisky-vol-5-10-jahre-jubilaeumsedition","status":"publish","type":"product","link":"https:\/\/www.saarwhisky.de\/?product=the-single-still-whisky-vol-5-10-jahre-jubilaeumsedition","title":{"rendered":"The Single Still Whisky Vol.5<br> <p style=\"font-size: 20px\"> &#8211; 10 Jahre Jubil\u00e4umsedition-<\/p>"},"content":{"rendered":"<h4>Single Still Whisky vol\u00b05<\/h4>\n<p>Selbst destilliert<br \/>\nMoscatel White Cask<br \/>\nrauchig, leicht fruchtig<br \/>\n52,3%<\/p>\n<p>streng limitiert auf 50 Flaschen<\/p>\n<p>Abgef\u00fcllt zum 01.04.2025 reifte unser Whisky die komplette Zeit in einer 30l-Sonderanfertigung eines Moscatelfasses.\u00a0 .<br \/>\nEin floral- weicher und fruchtiger Whisky ist das Ergebnis.<\/p>\n<p><strong>Single Still Whisky<\/strong> ist Single Malt Whisky aus nur einer einzigen Destillationscharge, mit fruchtigem Malz destilliert, ohne K\u00fchlfiltration und Farbzus\u00e4tze!<\/p>\n<p>&nbsp;<\/p>\n<h4>10 Jahre SaarWhisky<\/h4>\n<p>Wer h\u00e4tte das gedacht? Angefangen auf einer kleinen 10-Liter Minidestille auf dem heimischen K\u00fcchenherd bauten wir mit unb\u00e4ndigem Eifer und Tatendrang unsere Whiskydestille auf. Der Malz dieses Whiskys wurde auf einer Handkurbelm\u00fchle gemahlen, die wir mit einer Bohrmachine frisiert hatten.<\/p>\n<p>Destilliert wurde er auf einer selbst gebauten Anlage, in der wir die folgenden Teile verbauten:<br \/>\nEinen gro\u00dfen Paella Grill, eine K\u00e4seglocke von Amazon, einen abgetrennten Riemen einer Damenhandtasche, Hasendraht mit 12mm Maschenweite, Ein altes Fieberthermometer und vieles mehr&#8230;<\/p>\n","protected":false},"excerpt":{"rendered":"<p><strong>SaarWhisky\u2018s Single Still Vol\u00b05<\/strong><\/p>\n<p>Selbst destilliert,<br \/>\nkomplett in Handarbeit!<\/p>\n<p>Moscatel White Cask<br \/>\nrauchig, leicht fruchtig<br \/>\n52,3%<\/p>\n<p>50cl<\/p>\n<p><strong>Streng limitierte Sonderedition zum 10-j\u00e4hrigen Jubil\u00e4um von SaarWhisky<\/strong><\/p>\n","protected":false},"featured_media":2985,"comment_status":"open","ping_status":"closed","template":"","meta":[],"product_brand":[],"product_cat":[63,19],"product_tag":[57,61],"class_list":{"0":"post-2984","1":"product","2":"type-product","3":"status-publish","4":"has-post-thumbnail","6":"product_cat-single_malt_whisky","7":"product_cat-whisky","8":"product_tag-single-cask","9":"product_tag-single-malt","11":"first","12":"instock","13":"taxable","14":"shipping-taxable","15":"purchasable","16":"product-type-simple"},"_links":{"self":[{"href":"https:\/\/www.saarwhisky.de\/index.php?rest_route=\/wp\/v2\/product\/2984","targetHints":{"allow":["GET"]}}],"collection":[{"href":"https:\/\/www.saarwhisky.de\/index.php?rest_route=\/wp\/v2\/product"}],"about":[{"href":"https:\/\/www.saarwhisky.de\/index.php?rest_route=\/wp\/v2\/types\/product"}],"replies":[{"embeddable":true,"href":"https:\/\/www.saarwhisky.de\/index.php?rest_route=%2Fwp%2Fv2%2Fcomments&post=2984"}],"wp:featuredmedia":[{"embeddable":true,"href":"https:\/\/www.saarwhisky.de\/index.php?rest_route=\/wp\/v2\/media\/2985"}],"wp:attachment":[{"href":"https:\/\/www.saarwhisky.de\/index.php?rest_route=%2Fwp%2Fv2%2Fmedia&parent=2984"}],"wp:term":[{"taxonomy":"product_brand","embeddable":true,"href":"https:\/\/www.saarwhisky.de\/index.php?rest_route=%2Fwp%2Fv2%2Fproduct_brand&post=2984"},{"taxonomy":"product_cat","embeddable":true,"href":"https:\/\/www.saarwhisky.de\/index.php?rest_route=%2Fwp%2Fv2%2Fproduct_cat&post=2984"},{"taxonomy":"product_tag","embeddable":true,"href":"https:\/\/www.saarwhisky.de\/index.php?rest_route=%2Fwp%2Fv2%2Fproduct_tag&post=2984"}],"curies":[{"name":"wp","href":"https:\/\/api.w.org\/{rel}","templated":true}]}}