{"id":3047,"date":"2025-05-15T12:54:47","date_gmt":"2025-05-15T10:54:47","guid":{"rendered":"https:\/\/www.saarwhisky.de\/?post_type=product&#038;p=3047"},"modified":"2025-05-15T13:10:35","modified_gmt":"2025-05-15T11:10:35","slug":"islay-caost-imperial-stout-033l","status":"publish","type":"product","link":"https:\/\/www.saarwhisky.de\/?product=islay-caost-imperial-stout-033l","title":{"rendered":"Islay Coast Imperial Stout 0,33l"},"content":{"rendered":"<p><strong>Auf unserer Maischeanlage kann man auch Brauen!<\/strong><\/p>\n<p>Dieses Handgefertigte Imperial Stout wurde mit 5% 80ppm Torfmalz aus Schottland gebraut. Alle Schritte wurden von uns selbst von Hand durchgef\u00fchrt. Vom Schroten, \u00fcber das W\u00fcrzekochen, bis hin zur finalen Flaschenabf\u00fcllung und Etikettierung.<\/p>\n<p>Islay Coast ist ein wuchtiges Stout mit kr\u00e4ftigen Kaffee- und Karamellaromen.<\/p>\n","protected":false},"excerpt":{"rendered":"<p>Handgefertigtes Craft Bier<\/p>\n<p>Imperial Stout<\/p>\n<p>0,33l<\/p>\n<p>6,4%vol<\/p>\n<p>Ein Bier mit kr\u00e4ftigen Karamell- und Kaffeenoten.<\/p>\n","protected":false},"featured_media":3048,"comment_status":"closed","ping_status":"closed","template":"","meta":[],"product_brand":[],"product_cat":[66],"product_tag":[67],"class_list":{"0":"post-3047","1":"product","2":"type-product","3":"status-publish","4":"has-post-thumbnail","6":"product_cat-bier","7":"product_tag-bier","9":"first","10":"instock","11":"taxable","12":"shipping-taxable","13":"purchasable","14":"product-type-simple"},"_links":{"self":[{"href":"https:\/\/www.saarwhisky.de\/index.php?rest_route=\/wp\/v2\/product\/3047","targetHints":{"allow":["GET"]}}],"collection":[{"href":"https:\/\/www.saarwhisky.de\/index.php?rest_route=\/wp\/v2\/product"}],"about":[{"href":"https:\/\/www.saarwhisky.de\/index.php?rest_route=\/wp\/v2\/types\/product"}],"replies":[{"embeddable":true,"href":"https:\/\/www.saarwhisky.de\/index.php?rest_route=%2Fwp%2Fv2%2Fcomments&post=3047"}],"wp:featuredmedia":[{"embeddable":true,"href":"https:\/\/www.saarwhisky.de\/index.php?rest_route=\/wp\/v2\/media\/3048"}],"wp:attachment":[{"href":"https:\/\/www.saarwhisky.de\/index.php?rest_route=%2Fwp%2Fv2%2Fmedia&parent=3047"}],"wp:term":[{"taxonomy":"product_brand","embeddable":true,"href":"https:\/\/www.saarwhisky.de\/index.php?rest_route=%2Fwp%2Fv2%2Fproduct_brand&post=3047"},{"taxonomy":"product_cat","embeddable":true,"href":"https:\/\/www.saarwhisky.de\/index.php?rest_route=%2Fwp%2Fv2%2Fproduct_cat&post=3047"},{"taxonomy":"product_tag","embeddable":true,"href":"https:\/\/www.saarwhisky.de\/index.php?rest_route=%2Fwp%2Fv2%2Fproduct_tag&post=3047"}],"curies":[{"name":"wp","href":"https:\/\/api.w.org\/{rel}","templated":true}]}}