{"id":3119,"date":"2025-12-01T14:21:29","date_gmt":"2025-12-01T13:21:29","guid":{"rendered":"https:\/\/www.saarwhisky.de\/?post_type=product&#038;p=3119"},"modified":"2025-12-01T14:21:29","modified_gmt":"2025-12-01T13:21:29","slug":"fenner-schnappes-05l","status":"publish","type":"product","link":"https:\/\/www.saarwhisky.de\/?product=fenner-schnappes-05l","title":{"rendered":"Fenner Schnappes 0,5l"},"content":{"rendered":"<p><strong>Mal kein Brotaufstrich<\/strong><\/p>\n<p>Fenner Schnappes ist ein Lik\u00f6r, der mit feinstem schwarzen Zuckerr\u00fcbensirup verfreinert wurde.<br \/>\nSein malziges Aroma schmeckt herrlich s\u00fc\u00df und gleichzeitig w\u00fcrzig mild.<\/p>\n<p>Der perfekte Begleiter zu Dippelabbes,<br \/>\nGefillde oder Bibbelches Bohnesupp.<\/p>\n<p><strong>Liebevoll und Handgefertigt<\/strong><\/p>\n<p>Fenner Schnappes ist echte Handarbeit! Auf kupfernen Alembic Destillierhelmen, die wir auch zur Gewinnung edler Aroma- \u00d6le einsetzen, wird eine Essenz destilliert.<\/p>\n<p>Anschlie\u00dfend wird sie mit edlem schwarzen Zuckerr\u00fcbensirup verm\u00e4hlt.<\/p>\n<p><strong>V\u00f6llig Unerwartet<\/strong><\/p>\n<p>ist das Geschmackserlebnis von Fenner Schnappes.<br \/>\nDurch das Verm\u00e4hlen mit feinstem schwarzen Zuckerr\u00fcbensirup setzt Fenner Schnappes Nuancen von Malz, dunkler Schokolade und Rosinen frei, die in den Lik\u00f6r \u00fcbergehen.<\/p>\n<p>Die geschmeidige, honigartige Textur von Fenner Schnappes vollendet das Geschmackserlebnis<\/p>\n<p>&nbsp;<\/p>\n<p>&nbsp;<\/p>\n","protected":false},"excerpt":{"rendered":"<p><strong>Zuckerr\u00fcbenlik\u00f6r<\/strong><\/p>\n<p>0,5l<\/p>\n<p>20%vol<\/p>\n<p>Fenner Schnappes ist ein Lik\u00f6r, der mit feinstem schwarzen Zuckerr\u00fcbensirup verfreinert wurde.<br \/>\nSein malziges Aroma schmeckt herrlich s\u00fc\u00df und gleichzeitig w\u00fcrzig mild.<\/p>\n<p>Der perfekte Begleiter zu Dippelabbes,<br \/>\nGefillde oder Bibbelches Bohnesupp.<\/p>\n","protected":false},"featured_media":3120,"comment_status":"closed","ping_status":"closed","template":"","meta":[],"product_brand":[],"product_cat":[65],"product_tag":[],"class_list":{"0":"post-3119","1":"product","2":"type-product","3":"status-publish","4":"has-post-thumbnail","6":"product_cat-saarland_spezial","8":"first","9":"instock","10":"taxable","11":"shipping-taxable","12":"purchasable","13":"product-type-simple"},"_links":{"self":[{"href":"https:\/\/www.saarwhisky.de\/index.php?rest_route=\/wp\/v2\/product\/3119","targetHints":{"allow":["GET"]}}],"collection":[{"href":"https:\/\/www.saarwhisky.de\/index.php?rest_route=\/wp\/v2\/product"}],"about":[{"href":"https:\/\/www.saarwhisky.de\/index.php?rest_route=\/wp\/v2\/types\/product"}],"replies":[{"embeddable":true,"href":"https:\/\/www.saarwhisky.de\/index.php?rest_route=%2Fwp%2Fv2%2Fcomments&post=3119"}],"wp:featuredmedia":[{"embeddable":true,"href":"https:\/\/www.saarwhisky.de\/index.php?rest_route=\/wp\/v2\/media\/3120"}],"wp:attachment":[{"href":"https:\/\/www.saarwhisky.de\/index.php?rest_route=%2Fwp%2Fv2%2Fmedia&parent=3119"}],"wp:term":[{"taxonomy":"product_brand","embeddable":true,"href":"https:\/\/www.saarwhisky.de\/index.php?rest_route=%2Fwp%2Fv2%2Fproduct_brand&post=3119"},{"taxonomy":"product_cat","embeddable":true,"href":"https:\/\/www.saarwhisky.de\/index.php?rest_route=%2Fwp%2Fv2%2Fproduct_cat&post=3119"},{"taxonomy":"product_tag","embeddable":true,"href":"https:\/\/www.saarwhisky.de\/index.php?rest_route=%2Fwp%2Fv2%2Fproduct_tag&post=3119"}],"curies":[{"name":"wp","href":"https:\/\/api.w.org\/{rel}","templated":true}]}}