{"id":3141,"date":"2025-12-14T16:35:04","date_gmt":"2025-12-14T15:35:04","guid":{"rendered":"https:\/\/www.saarwhisky.de\/?post_type=product&#038;p=3141"},"modified":"2025-12-14T16:44:33","modified_gmt":"2025-12-14T15:44:33","slug":"saarwhiskys-ardmore-70cl-geschenkbox16y-o-moscatel-sherry-finish","status":"publish","type":"product","link":"https:\/\/www.saarwhisky.de\/?product=saarwhiskys-ardmore-70cl-geschenkbox16y-o-moscatel-sherry-finish","title":{"rendered":"SaarWhisky&#8217;s Ardmore 70cl Geschenkbox<br><p style=\"font-size:20px; font-weight: bold; color: #993366;\">16y.o. Moscatel Sherry Finish<\/p>"},"content":{"rendered":"<p>Verschenken Sie SaarWhisky in angemessener Form.<br \/>\nDieses Geschenkset besteht aus einer 0,7l Flasche Ihres SaarWhisky Single Malt und zwei SaarWhisky Schwenkgl\u00e4sern, damit der Whiskygenuss auch gleich losgehen kann.<br \/>\nVollendet und angemessen verpackt ist dieses Set in einer edlen Ummantelung in Leinen Optik.<\/p>\n<p>&nbsp;<\/p>\n<p><strong>Daten zum Whisky:<\/strong><\/p>\n<p>Diesmal<span class=\"d2edcug0 hpfvmrgz qv66sw1b c1et5uql rrkovp55 a8c37x1j keod5gw0 nxhoafnm aigsh9s9 d3f4x2em fe6kdd0r mau55g9w c8b282yb iv3no6db jq4qci2q a3bd9o3v knj5qynh oo9gr5id hzawbc8m\" dir=\"auto\"> haben wir ein Fass der Speyside Brennerei Ardmore abgef\u00fcllt.<\/span><\/p>\n<p>Es handelt sich um ein <strong>Ex-Bourbon Barrel,<\/strong> in dem der Whisky von 2009<strong> bis 2024 reifte<\/strong>.<\/p>\n<p>Anschlie\u00dfend gaben wir den Whisky zur Veredelung in drei Moscatel Sherry F\u00e4sser.<\/p>\n<p>Hier reifte er noch ein weiteres Jahr, bis wir ihn kurz vor Weihnachten 2025 abf\u00fcllten.<\/p>\n<p>117 x 0,7l Flaschen konnten aus dem Fass gewonnen werden, die in <strong>Fassst\u00e4rke<\/strong> und <strong>ohne K\u00fchlfiltration<\/strong> abgef\u00fcllt wurden.<\/p>\n<p>&nbsp;<\/p>\n<p><strong>Tasting Notes<\/strong><\/p>\n<p>Das Wechselspiel von\u00a0 Rauch und s\u00fc\u00dflichen Sherrynoten machen diese Abf\u00fclung zu einem unserer sp\u00e4ten Highlights des Jahres 2025.<\/p>\n<p>Darunter auch:<\/p>\n<ul>\n<li>Dunkle Schokolade<\/li>\n<li>Kakao<\/li>\n<li>Vanille<\/li>\n<li>Pflaume<\/li>\n<li>Kirsche<\/li>\n<li>dezent eingebundener Rauch<\/li>\n<li>Runder, langer Abgang<\/li>\n<\/ul>\n","protected":false},"excerpt":{"rendered":"<p><strong><br \/>\nInhalt:<\/strong><\/p>\n<ul>\n<li>1 Flasche SaarWhisky&#8217;s Ardmore 16y.o. Single Malt Whisky 0,7l | 52,6 %vol<\/li>\n<li>2 SaarWhisky &#8211; Schwenkgl\u00e4ser<\/li>\n<li>Verpackt in edler Geschenkbox in Leinen Optik<\/li>\n<\/ul>\n<p>&nbsp;<\/p>\n","protected":false},"featured_media":3142,"comment_status":"open","ping_status":"closed","template":"","meta":[],"product_brand":[],"product_cat":[62,24,19],"product_tag":[],"class_list":{"0":"post-3141","1":"product","2":"type-product","3":"status-publish","4":"has-post-thumbnail","6":"product_cat-exklusive_single_cask_bottlings","7":"product_cat-geschenkideen","8":"product_cat-whisky","10":"first","11":"instock","12":"taxable","13":"shipping-taxable","14":"purchasable","15":"product-type-simple"},"_links":{"self":[{"href":"https:\/\/www.saarwhisky.de\/index.php?rest_route=\/wp\/v2\/product\/3141","targetHints":{"allow":["GET"]}}],"collection":[{"href":"https:\/\/www.saarwhisky.de\/index.php?rest_route=\/wp\/v2\/product"}],"about":[{"href":"https:\/\/www.saarwhisky.de\/index.php?rest_route=\/wp\/v2\/types\/product"}],"replies":[{"embeddable":true,"href":"https:\/\/www.saarwhisky.de\/index.php?rest_route=%2Fwp%2Fv2%2Fcomments&post=3141"}],"wp:featuredmedia":[{"embeddable":true,"href":"https:\/\/www.saarwhisky.de\/index.php?rest_route=\/wp\/v2\/media\/3142"}],"wp:attachment":[{"href":"https:\/\/www.saarwhisky.de\/index.php?rest_route=%2Fwp%2Fv2%2Fmedia&parent=3141"}],"wp:term":[{"taxonomy":"product_brand","embeddable":true,"href":"https:\/\/www.saarwhisky.de\/index.php?rest_route=%2Fwp%2Fv2%2Fproduct_brand&post=3141"},{"taxonomy":"product_cat","embeddable":true,"href":"https:\/\/www.saarwhisky.de\/index.php?rest_route=%2Fwp%2Fv2%2Fproduct_cat&post=3141"},{"taxonomy":"product_tag","embeddable":true,"href":"https:\/\/www.saarwhisky.de\/index.php?rest_route=%2Fwp%2Fv2%2Fproduct_tag&post=3141"}],"curies":[{"name":"wp","href":"https:\/\/api.w.org\/{rel}","templated":true}]}}