{"id":736,"date":"2016-08-27T15:16:20","date_gmt":"2016-08-27T13:16:20","guid":{"rendered":"http:\/\/www.saarwhisky.de\/?post_type=product&#038;p=736"},"modified":"2022-09-20T15:16:28","modified_gmt":"2022-09-20T13:16:28","slug":"huettengold-t-shirt","status":"publish","type":"product","link":"https:\/\/www.saarwhisky.de\/?product=huettengold-t-shirt","title":{"rendered":"H\u00fcttengold T-Shirt"},"content":{"rendered":"<p>Versch\u00f6nern Sie sich selbst!<br \/>\nDas geht mit unserer Kleidung.<br \/>\nDas Antlitz des emsigen H\u00fcttenarbeiters l\u00e4sst Ihnen die Arbeit leicht von der Hand gehen und zaubert ein L\u00e4cheln in die Gesichter derjenigen, die es betrachten.<br \/>\nGanz in schwarz, damit man auch in der prallen Sonne nicht friert.<\/p>\n","protected":false},"excerpt":{"rendered":"<p>&nbsp;<\/p>\n<p>schwarzes T-Shirt<br \/>\nhochwertiger Gold-Effektdruck auf Gesichtselementen und Schrift l\u00e4sst den Druck plastisch wirken<br \/>\ngro\u00dfz\u00fcgig geschnitten<br \/>\n100% Baumwolle<br \/>\nin den Gr\u00f6\u00dfen M, L, XL bis 4XL erh\u00e4ltlich<\/p>\n<p>&nbsp;<\/p>\n","protected":false},"featured_media":737,"comment_status":"open","ping_status":"closed","template":"","meta":[],"product_brand":[],"product_cat":[24,26],"product_tag":[],"class_list":{"0":"post-736","1":"product","2":"type-product","3":"status-publish","4":"has-post-thumbnail","6":"product_cat-geschenkideen","7":"product_cat-zubehoer","9":"first","10":"instock","11":"taxable","12":"shipping-taxable","13":"purchasable","14":"product-type-variable"},"_links":{"self":[{"href":"https:\/\/www.saarwhisky.de\/index.php?rest_route=\/wp\/v2\/product\/736","targetHints":{"allow":["GET"]}}],"collection":[{"href":"https:\/\/www.saarwhisky.de\/index.php?rest_route=\/wp\/v2\/product"}],"about":[{"href":"https:\/\/www.saarwhisky.de\/index.php?rest_route=\/wp\/v2\/types\/product"}],"replies":[{"embeddable":true,"href":"https:\/\/www.saarwhisky.de\/index.php?rest_route=%2Fwp%2Fv2%2Fcomments&post=736"}],"wp:featuredmedia":[{"embeddable":true,"href":"https:\/\/www.saarwhisky.de\/index.php?rest_route=\/wp\/v2\/media\/737"}],"wp:attachment":[{"href":"https:\/\/www.saarwhisky.de\/index.php?rest_route=%2Fwp%2Fv2%2Fmedia&parent=736"}],"wp:term":[{"taxonomy":"product_brand","embeddable":true,"href":"https:\/\/www.saarwhisky.de\/index.php?rest_route=%2Fwp%2Fv2%2Fproduct_brand&post=736"},{"taxonomy":"product_cat","embeddable":true,"href":"https:\/\/www.saarwhisky.de\/index.php?rest_route=%2Fwp%2Fv2%2Fproduct_cat&post=736"},{"taxonomy":"product_tag","embeddable":true,"href":"https:\/\/www.saarwhisky.de\/index.php?rest_route=%2Fwp%2Fv2%2Fproduct_tag&post=736"}],"curies":[{"name":"wp","href":"https:\/\/api.w.org\/{rel}","templated":true}]}}